{"id":103,"date":"2022-12-28T17:41:44","date_gmt":"2022-12-28T16:41:44","guid":{"rendered":"http:\/\/phylacteres-bd.fr\/?page_id=103"},"modified":"2023-01-16T09:24:21","modified_gmt":"2023-01-16T08:24:21","slug":"nos-videos","status":"publish","type":"page","link":"https:\/\/phylacteres-bd.fr\/index.php\/nos-videos\/","title":{"rendered":"Nos vid\u00e9os"},"content":{"rendered":"\n<div class=\"wp-block-cover alignfull\" style=\"min-height:361px;aspect-ratio:unset;\"><span aria-hidden=\"true\" class=\"wp-block-cover__background has-background-dim-0 has-background-dim\"><\/span><img data-recalc-dims=\"1\" loading=\"lazy\" decoding=\"async\" width=\"1200\" height=\"487\" class=\"wp-block-cover__image-background wp-image-126\" alt=\"\" src=\"https:\/\/i0.wp.com\/phylacteres-bd.fr\/wp-content\/uploads\/2022\/12\/ban-phylacteres-1.jpg?resize=1200%2C487\" data-object-fit=\"cover\" srcset=\"https:\/\/i0.wp.com\/phylacteres-bd.fr\/wp-content\/uploads\/2022\/12\/ban-phylacteres-1.jpg?w=2000&amp;ssl=1 2000w, https:\/\/i0.wp.com\/phylacteres-bd.fr\/wp-content\/uploads\/2022\/12\/ban-phylacteres-1.jpg?resize=300%2C122&amp;ssl=1 300w, https:\/\/i0.wp.com\/phylacteres-bd.fr\/wp-content\/uploads\/2022\/12\/ban-phylacteres-1.jpg?resize=1024%2C415&amp;ssl=1 1024w, https:\/\/i0.wp.com\/phylacteres-bd.fr\/wp-content\/uploads\/2022\/12\/ban-phylacteres-1.jpg?resize=768%2C311&amp;ssl=1 768w, https:\/\/i0.wp.com\/phylacteres-bd.fr\/wp-content\/uploads\/2022\/12\/ban-phylacteres-1.jpg?resize=1536%2C623&amp;ssl=1 1536w\" sizes=\"auto, (max-width: 1200px) 100vw, 1200px\" \/><div class=\"wp-block-cover__inner-container is-layout-flow wp-block-cover-is-layout-flow\">\n<p><\/p>\n<\/div><\/div>\n\n\n\n<div style=\"height:100px\" aria-hidden=\"true\" class=\"wp-block-spacer\"><\/div>\n\n\n\n<h3 class=\"has-neve-link-color-color has-text-color wp-block-heading\">Nos reportages durant le festival d&rsquo;Angoul\u00eame 2013<\/h3>\n\n\n\n<figure class=\"wp-block-embed aligncenter is-type-video is-provider-youtube wp-block-embed-youtube wp-embed-aspect-16-9 wp-has-aspect-ratio\"><div class=\"wp-block-embed__wrapper\">\n<div class=\"nv-iframe-embed\"><iframe loading=\"lazy\" title=\"phylacte\u0300res JOUR 1\" width=\"1200\" height=\"675\" src=\"https:\/\/www.youtube.com\/embed\/Z8IuNcvTzgk?feature=oembed\" frameborder=\"0\" allow=\"accelerometer; autoplay; clipboard-write; encrypted-media; gyroscope; picture-in-picture\" allowfullscreen><\/iframe><\/div>\n<\/div><\/figure>\n\n\n\n<div style=\"height:50px\" aria-hidden=\"true\" class=\"wp-block-spacer\"><\/div>\n\n\n\n<figure class=\"wp-block-embed aligncenter is-type-video is-provider-youtube wp-block-embed-youtube wp-embed-aspect-16-9 wp-has-aspect-ratio\"><div class=\"wp-block-embed__wrapper\">\n<div class=\"nv-iframe-embed\"><iframe loading=\"lazy\" title=\"Phylacte\u0300res JOUR 2\" width=\"1200\" height=\"675\" src=\"https:\/\/www.youtube.com\/embed\/ebBywLHJ88k?feature=oembed\" frameborder=\"0\" allow=\"accelerometer; autoplay; clipboard-write; encrypted-media; gyroscope; picture-in-picture\" allowfullscreen><\/iframe><\/div>\n<\/div><\/figure>\n\n\n\n<div style=\"height:50px\" aria-hidden=\"true\" class=\"wp-block-spacer\"><\/div>\n\n\n\n<figure class=\"wp-block-embed aligncenter is-type-video is-provider-youtube wp-block-embed-youtube wp-embed-aspect-16-9 wp-has-aspect-ratio\"><div class=\"wp-block-embed__wrapper\">\n<div class=\"nv-iframe-embed\"><iframe loading=\"lazy\" title=\"Phylacte\u0300res JOUR 3\" width=\"1200\" height=\"675\" src=\"https:\/\/www.youtube.com\/embed\/hK_oFGZtU1M?feature=oembed\" frameborder=\"0\" allow=\"accelerometer; autoplay; clipboard-write; encrypted-media; gyroscope; picture-in-picture\" allowfullscreen><\/iframe><\/div>\n<\/div><\/figure>\n\n\n\n<div style=\"height:50px\" aria-hidden=\"true\" class=\"wp-block-spacer\"><\/div>\n\n\n\n<figure class=\"wp-block-embed aligncenter is-type-video is-provider-youtube wp-block-embed-youtube wp-embed-aspect-16-9 wp-has-aspect-ratio\"><div class=\"wp-block-embed__wrapper\">\n<div class=\"nv-iframe-embed\"><iframe loading=\"lazy\" title=\"Phylacte\u0300res JOUR 4\" width=\"1200\" height=\"675\" src=\"https:\/\/www.youtube.com\/embed\/aO0D3fvjO9Q?feature=oembed\" frameborder=\"0\" allow=\"accelerometer; autoplay; clipboard-write; encrypted-media; gyroscope; picture-in-picture\" allowfullscreen><\/iframe><\/div>\n<\/div><\/figure>\n\n\n\n<div style=\"height:100px\" aria-hidden=\"true\" class=\"wp-block-spacer\"><\/div>\n\n\n\n<h3 class=\"has-neve-link-color-color has-text-color wp-block-heading\">Phylact\u00e8res au Rayon Vert<\/h3>\n\n\n\n<figure class=\"wp-block-embed aligncenter is-type-video is-provider-youtube wp-block-embed-youtube wp-embed-aspect-16-9 wp-has-aspect-ratio\"><div class=\"wp-block-embed__wrapper\">\n<div class=\"nv-iframe-embed\"><iframe loading=\"lazy\" title=\"phylacte\u0300res RAYON VERT\" width=\"1200\" height=\"675\" src=\"https:\/\/www.youtube.com\/embed\/M6R9k-SVn_w?feature=oembed\" frameborder=\"0\" allow=\"accelerometer; autoplay; clipboard-write; encrypted-media; gyroscope; picture-in-picture\" allowfullscreen><\/iframe><\/div>\n<\/div><\/figure>\n\n\n\n<div style=\"height:100px\" aria-hidden=\"true\" class=\"wp-block-spacer\"><\/div>\n\n\n\n<h3 class=\"has-neve-link-color-color has-text-color wp-block-heading\">Nos reportages au festival d&rsquo;Angoul\u00eame 2014<\/h3>\n\n\n\n<figure class=\"wp-block-embed aligncenter is-type-video is-provider-youtube wp-block-embed-youtube wp-embed-aspect-16-9 wp-has-aspect-ratio\"><div class=\"wp-block-embed__wrapper\">\n<div class=\"nv-iframe-embed\"><iframe loading=\"lazy\" title=\"ANGOULEME 1\" width=\"1200\" height=\"675\" src=\"https:\/\/www.youtube.com\/embed\/wJcIj2OGj8A?feature=oembed\" frameborder=\"0\" allow=\"accelerometer; autoplay; clipboard-write; encrypted-media; gyroscope; picture-in-picture\" allowfullscreen><\/iframe><\/div>\n<\/div><\/figure>\n\n\n\n<div style=\"height:50px\" aria-hidden=\"true\" class=\"wp-block-spacer\"><\/div>\n\n\n\n<figure class=\"wp-block-embed aligncenter is-type-video is-provider-youtube wp-block-embed-youtube wp-embed-aspect-16-9 wp-has-aspect-ratio\"><div class=\"wp-block-embed__wrapper\">\n<div class=\"nv-iframe-embed\"><iframe loading=\"lazy\" title=\"ANGOULEME 2\" width=\"1200\" height=\"675\" src=\"https:\/\/www.youtube.com\/embed\/wjfvSyLe_Po?feature=oembed\" frameborder=\"0\" allow=\"accelerometer; autoplay; clipboard-write; encrypted-media; gyroscope; picture-in-picture\" allowfullscreen><\/iframe><\/div>\n<\/div><\/figure>\n\n\n\n<div style=\"height:50px\" aria-hidden=\"true\" class=\"wp-block-spacer\"><\/div>\n\n\n\n<figure class=\"wp-block-embed aligncenter is-type-video is-provider-youtube wp-block-embed-youtube wp-embed-aspect-16-9 wp-has-aspect-ratio\"><div class=\"wp-block-embed__wrapper\">\n<div class=\"nv-iframe-embed\"><iframe loading=\"lazy\" title=\"ANGOULEME 3\" width=\"1200\" height=\"675\" src=\"https:\/\/www.youtube.com\/embed\/0WDnckkdoOI?feature=oembed\" frameborder=\"0\" allow=\"accelerometer; autoplay; clipboard-write; encrypted-media; gyroscope; picture-in-picture\" allowfullscreen><\/iframe><\/div>\n<\/div><\/figure>\n\n\n\n<div style=\"height:100px\" aria-hidden=\"true\" class=\"wp-block-spacer\"><\/div>\n\n\n\n<h3 class=\"has-neve-link-color-color has-text-color wp-block-heading\">Notre reportage au festival d&rsquo;Angoul\u00eame 2015<\/h3>\n\n\n\n<figure class=\"wp-block-embed aligncenter is-type-video is-provider-youtube wp-block-embed-youtube wp-embed-aspect-16-9 wp-has-aspect-ratio\"><div class=\"wp-block-embed__wrapper\">\n<div class=\"nv-iframe-embed\"><iframe loading=\"lazy\" title=\"ANGOUL\u00caME 2015\" width=\"1200\" height=\"675\" src=\"https:\/\/www.youtube.com\/embed\/J54M2jhqUTU?feature=oembed\" frameborder=\"0\" allow=\"accelerometer; autoplay; clipboard-write; encrypted-media; gyroscope; picture-in-picture\" allowfullscreen><\/iframe><\/div>\n<\/div><\/figure>\n\n\n\n<div style=\"height:100px\" aria-hidden=\"true\" class=\"wp-block-spacer\"><\/div>\n\n\n\n<h3 class=\"has-neve-link-color-color has-text-color wp-block-heading\">Le panel comics des 24\u00e8me rencontres de BD de Marly<\/h3>\n\n\n\n<figure class=\"wp-block-embed aligncenter is-type-video is-provider-youtube wp-block-embed-youtube wp-embed-aspect-16-9 wp-has-aspect-ratio\"><div class=\"wp-block-embed__wrapper\">\n<div class=\"nv-iframe-embed\"><iframe loading=\"lazy\" title=\"Le panel comics des 24\u00e8me rencontres de BD de Marly\" width=\"1200\" height=\"675\" src=\"https:\/\/www.youtube.com\/embed\/mhCbGKD4p0M?feature=oembed\" frameborder=\"0\" allow=\"accelerometer; autoplay; clipboard-write; encrypted-media; gyroscope; picture-in-picture\" allowfullscreen><\/iframe><\/div>\n<\/div><\/figure>\n\n\n\n<div style=\"height:100px\" aria-hidden=\"true\" class=\"wp-block-spacer\"><\/div>\n\n\n\n<h3 class=\"has-neve-link-color-color has-text-color wp-block-heading\">B\u00e9d\u00e9 QUIZZ : C\u00f4t\u00e9 Comics VS Phylact\u00e8res<\/h3>\n\n\n\n<figure class=\"wp-block-embed aligncenter is-type-video is-provider-youtube wp-block-embed-youtube wp-embed-aspect-16-9 wp-has-aspect-ratio\"><div class=\"wp-block-embed__wrapper\">\n<div class=\"nv-iframe-embed\"><iframe loading=\"lazy\" title=\"Be\u0301de\u0301 QUIZZ : C\u00f4t\u00e9 Comics VS Phylact\u00e8res\" width=\"1200\" height=\"675\" src=\"https:\/\/www.youtube.com\/embed\/P3sdEOfXpO8?feature=oembed\" frameborder=\"0\" allow=\"accelerometer; autoplay; clipboard-write; encrypted-media; gyroscope; picture-in-picture\" allowfullscreen><\/iframe><\/div>\n<\/div><\/figure>\n\n\n\n<div style=\"height:155px\" aria-hidden=\"true\" class=\"wp-block-spacer\"><\/div>\n\n\n\n<div class=\"wp-block-cover alignfull\" style=\"min-height:235px;aspect-ratio:unset;\"><span aria-hidden=\"true\" class=\"wp-block-cover__background has-nv-dark-bg-background-color has-background-dim-100 has-background-dim\"><\/span><div class=\"wp-block-cover__inner-container is-layout-flow wp-block-cover-is-layout-flow\">\n<p class=\"has-text-align-center has-large-font-size\"><\/p>\n<\/div><\/div>\n","protected":false},"excerpt":{"rendered":"<p>Nos reportages durant le festival d&rsquo;Angoul\u00eame 2013 Phylact\u00e8res au Rayon Vert Nos reportages au festival d&rsquo;Angoul\u00eame 2014 Notre reportage au festival d&rsquo;Angoul\u00eame 2015 Le panel comics des 24\u00e8me rencontres de&hellip;&nbsp;<a href=\"https:\/\/phylacteres-bd.fr\/index.php\/nos-videos\/\" rel=\"bookmark\">Lire la suite &raquo;<span class=\"screen-reader-text\">Nos vid\u00e9os<\/span><\/a><\/p>\n","protected":false},"author":1,"featured_media":0,"parent":0,"menu_order":0,"comment_status":"closed","ping_status":"closed","template":"","meta":{"neve_meta_sidebar":"","neve_meta_container":"","neve_meta_enable_content_width":"on","neve_meta_content_width":70,"neve_meta_title_alignment":"","neve_meta_author_avatar":"","neve_post_elements_order":"","neve_meta_disable_header":"","neve_meta_disable_footer":"on","neve_meta_disable_title":"on","_themeisle_gutenberg_block_has_review":false,"footnotes":""},"class_list":["post-103","page","type-page","status-publish","hentry"],"jetpack_sharing_enabled":true,"_links":{"self":[{"href":"https:\/\/phylacteres-bd.fr\/index.php\/wp-json\/wp\/v2\/pages\/103","targetHints":{"allow":["GET"]}}],"collection":[{"href":"https:\/\/phylacteres-bd.fr\/index.php\/wp-json\/wp\/v2\/pages"}],"about":[{"href":"https:\/\/phylacteres-bd.fr\/index.php\/wp-json\/wp\/v2\/types\/page"}],"author":[{"embeddable":true,"href":"https:\/\/phylacteres-bd.fr\/index.php\/wp-json\/wp\/v2\/users\/1"}],"replies":[{"embeddable":true,"href":"https:\/\/phylacteres-bd.fr\/index.php\/wp-json\/wp\/v2\/comments?post=103"}],"version-history":[{"count":11,"href":"https:\/\/phylacteres-bd.fr\/index.php\/wp-json\/wp\/v2\/pages\/103\/revisions"}],"predecessor-version":[{"id":1019,"href":"https:\/\/phylacteres-bd.fr\/index.php\/wp-json\/wp\/v2\/pages\/103\/revisions\/1019"}],"wp:attachment":[{"href":"https:\/\/phylacteres-bd.fr\/index.php\/wp-json\/wp\/v2\/media?parent=103"}],"curies":[{"name":"wp","href":"https:\/\/api.w.org\/{rel}","templated":true}]}}