{"id":1543,"date":"2024-10-12T16:58:51","date_gmt":"2024-10-12T14:58:51","guid":{"rendered":"http:\/\/phylacteres-bd.fr\/?page_id=1543"},"modified":"2026-03-25T16:56:28","modified_gmt":"2026-03-25T15:56:28","slug":"morad-dermel","status":"publish","type":"page","link":"https:\/\/phylacteres-bd.fr\/index.php\/morad-dermel\/","title":{"rendered":"Morad Dermel"},"content":{"rendered":"\n<div class=\"wp-block-cover alignfull\" style=\"min-height:361px;aspect-ratio:unset;\"><img data-recalc-dims=\"1\" loading=\"lazy\" decoding=\"async\" width=\"1200\" height=\"487\" class=\"wp-block-cover__image-background wp-image-126\" alt=\"\" src=\"https:\/\/i0.wp.com\/phylacteres-bd.fr\/wp-content\/uploads\/2022\/12\/ban-phylacteres-1.jpg?resize=1200%2C487\" data-object-fit=\"cover\" srcset=\"https:\/\/i0.wp.com\/phylacteres-bd.fr\/wp-content\/uploads\/2022\/12\/ban-phylacteres-1.jpg?w=2000&amp;ssl=1 2000w, https:\/\/i0.wp.com\/phylacteres-bd.fr\/wp-content\/uploads\/2022\/12\/ban-phylacteres-1.jpg?resize=300%2C122&amp;ssl=1 300w, https:\/\/i0.wp.com\/phylacteres-bd.fr\/wp-content\/uploads\/2022\/12\/ban-phylacteres-1.jpg?resize=1024%2C415&amp;ssl=1 1024w, https:\/\/i0.wp.com\/phylacteres-bd.fr\/wp-content\/uploads\/2022\/12\/ban-phylacteres-1.jpg?resize=768%2C311&amp;ssl=1 768w, https:\/\/i0.wp.com\/phylacteres-bd.fr\/wp-content\/uploads\/2022\/12\/ban-phylacteres-1.jpg?resize=1536%2C623&amp;ssl=1 1536w\" sizes=\"auto, (max-width: 1200px) 100vw, 1200px\" \/><span aria-hidden=\"true\" class=\"wp-block-cover__background has-background-dim-0 has-background-dim\"><\/span><div class=\"wp-block-cover__inner-container is-layout-flow wp-block-cover-is-layout-flow\">\n<p><\/p>\n<\/div><\/div>\n\n\n\n<div class=\"wp-block-cover alignwide\"><span aria-hidden=\"true\" class=\"wp-block-cover__background has-nv-site-bg-background-color has-background-dim-100 has-background-dim\"><\/span><div class=\"wp-block-cover__inner-container is-layout-flow wp-block-cover-is-layout-flow\">\n<div style=\"height:50px\" aria-hidden=\"true\" class=\"wp-block-spacer\"><\/div>\n\n\n\n<p class=\"has-text-align-center has-neve-text-color-color has-text-color has-large-font-size\"><strong>Morad Dermel<\/strong><\/p>\n\n\n\n<hr class=\"wp-block-separator has-alpha-channel-opacity\"\/>\n\n\n\n<div class=\"wp-block-columns has-neve-text-color-color has-text-color is-layout-flex wp-container-core-columns-is-layout-9d6595d7 wp-block-columns-is-layout-flex\">\n<div class=\"wp-block-column has-neve-text-color-color has-text-color is-layout-flow wp-block-column-is-layout-flow\" style=\"flex-basis:66.66%\">\n<p class=\"has-nv-c-2-color has-text-color\"><strong>(Dessinateur &#8211; sc\u00e9nariste &#8211; coloriste)<\/strong><\/p>\n\n\n\n<ul class=\"wp-block-list\">\n<li>R\u00e9sidant \u00e0 Nancy<\/li>\n\n\n\n<li><strong>Phylact\u00e8res :<\/strong>&nbsp;Membre depuis 2006<\/li>\n\n\n\n<li>Auteur r\u00e9gulier dans&nbsp;<a href=\"http:\/\/nonsi.ouaisweb.com\/\"><strong><em>NON?Si!<\/em><\/strong><\/a><\/li>\n\n\n\n<li>Cr\u00e9ateur&nbsp;de <strong><em>Yin-Yin &amp; Bao<\/em><\/strong><\/li>\n<\/ul>\n<\/div>\n\n\n\n<div class=\"wp-block-column is-layout-flow wp-block-column-is-layout-flow\" style=\"flex-basis:33.33%\">\n<figure class=\"wp-block-image size-full animated fadeInRight ticss-daaffaba\"><img data-recalc-dims=\"1\" loading=\"lazy\" decoding=\"async\" width=\"500\" height=\"500\" src=\"https:\/\/i0.wp.com\/phylacteres-bd.fr\/wp-content\/uploads\/2024\/10\/membres-morad-NEW.jpg?resize=500%2C500\" alt=\"\" class=\"wp-image-1548\" srcset=\"https:\/\/i0.wp.com\/phylacteres-bd.fr\/wp-content\/uploads\/2024\/10\/membres-morad-NEW.jpg?w=500&amp;ssl=1 500w, https:\/\/i0.wp.com\/phylacteres-bd.fr\/wp-content\/uploads\/2024\/10\/membres-morad-NEW.jpg?resize=300%2C300&amp;ssl=1 300w, https:\/\/i0.wp.com\/phylacteres-bd.fr\/wp-content\/uploads\/2024\/10\/membres-morad-NEW.jpg?resize=150%2C150&amp;ssl=1 150w, https:\/\/i0.wp.com\/phylacteres-bd.fr\/wp-content\/uploads\/2024\/10\/membres-morad-NEW.jpg?resize=200%2C200&amp;ssl=1 200w, https:\/\/i0.wp.com\/phylacteres-bd.fr\/wp-content\/uploads\/2024\/10\/membres-morad-NEW.jpg?resize=100%2C100&amp;ssl=1 100w\" sizes=\"auto, (max-width: 500px) 100vw, 500px\" \/><\/figure>\n<\/div>\n<\/div>\n\n\n\n<div class=\"wp-block-columns has-neve-text-color-color has-text-color is-layout-flex wp-container-core-columns-is-layout-9d6595d7 wp-block-columns-is-layout-flex\">\n<div class=\"wp-block-column is-layout-flow wp-block-column-is-layout-flow\">\n<p>Mordu de dessin, de bande dessin\u00e9e et de manga depuis son enfance, il a toujours \u00e9t\u00e9 fascin\u00e9 par l&rsquo;Asie, les arts martiaux et les univers de fiction. Inspir\u00e9 par des ma\u00eetres du manga comme Otomo et Toriyama, ainsi que par les mondes fantastiques de l&rsquo;animation de Miyazaki ou par le dynamisme du cin\u00e9ma hongkongais, sa vision artistique est impr\u00e9gn\u00e9e de ces r\u00e9f\u00e9rences et de bien d&rsquo;autres\u2026<\/p>\n\n\n\n<p>Dipl\u00f4m\u00e9 des Beaux-Arts de Nancy, il rejoint l&rsquo;association Phylact\u00e8res en 2006, apr\u00e8s sa participation au concours de la 2\u00e8me Biennale de la BD, qui lui a donn\u00e9 l&rsquo;opportunit\u00e9 de faire ses premi\u00e8res armes dans l&rsquo;album \u00ab\u00a0Les Rencontres Improbables\u00a0\u00bb.<\/p>\n\n\n\n<p>Depuis, il a contribu\u00e9 \u00e0 divers projets comme VHB, Zone 57, l&rsquo;impitoyable illustr\u00e9 et la revue Non?Si!, tout en d\u00e9veloppant son propre projet, Yin-Yin &amp; Bao, fruit de plusieurs ann\u00e9es d&rsquo;inspiration et de travail acharn\u00e9.<\/p>\n\n\n\n<p>En parall\u00e8le de son engagement dans des projets de bande dessin\u00e9e, l&rsquo;artiste partage son savoir en tant qu&rsquo;enseignant en art, inspirant ainsi de futures g\u00e9n\u00e9rations de cr\u00e9ateurs.<\/p>\n\n\n\n<ul class=\"wp-block-social-links is-layout-flex wp-block-social-links-is-layout-flex\"><li class=\"wp-social-link wp-social-link-facebook  wp-block-social-link\"><a href=\"https:\/\/www.facebook.com\/momotarofr\" class=\"wp-block-social-link-anchor\"><svg width=\"24\" height=\"24\" viewBox=\"0 0 24 24\" version=\"1.1\" xmlns=\"http:\/\/www.w3.org\/2000\/svg\" aria-hidden=\"true\" focusable=\"false\"><path d=\"M12 2C6.5 2 2 6.5 2 12c0 5 3.7 9.1 8.4 9.9v-7H7.9V12h2.5V9.8c0-2.5 1.5-3.9 3.8-3.9 1.1 0 2.2.2 2.2.2v2.5h-1.3c-1.2 0-1.6.8-1.6 1.6V12h2.8l-.4 2.9h-2.3v7C18.3 21.1 22 17 22 12c0-5.5-4.5-10-10-10z\"><\/path><\/svg><span class=\"wp-block-social-link-label screen-reader-text\">Facebook<\/span><\/a><\/li>\n\n<li class=\"wp-social-link wp-social-link-instagram  wp-block-social-link\"><a href=\"https:\/\/www.instagram.com\/momotarocomics\/\" class=\"wp-block-social-link-anchor\"><svg width=\"24\" height=\"24\" viewBox=\"0 0 24 24\" version=\"1.1\" xmlns=\"http:\/\/www.w3.org\/2000\/svg\" aria-hidden=\"true\" focusable=\"false\"><path d=\"M12,4.622c2.403,0,2.688,0.009,3.637,0.052c0.877,0.04,1.354,0.187,1.671,0.31c0.42,0.163,0.72,0.358,1.035,0.673 c0.315,0.315,0.51,0.615,0.673,1.035c0.123,0.317,0.27,0.794,0.31,1.671c0.043,0.949,0.052,1.234,0.052,3.637 s-0.009,2.688-0.052,3.637c-0.04,0.877-0.187,1.354-0.31,1.671c-0.163,0.42-0.358,0.72-0.673,1.035 c-0.315,0.315-0.615,0.51-1.035,0.673c-0.317,0.123-0.794,0.27-1.671,0.31c-0.949,0.043-1.233,0.052-3.637,0.052 s-2.688-0.009-3.637-0.052c-0.877-0.04-1.354-0.187-1.671-0.31c-0.42-0.163-0.72-0.358-1.035-0.673 c-0.315-0.315-0.51-0.615-0.673-1.035c-0.123-0.317-0.27-0.794-0.31-1.671C4.631,14.688,4.622,14.403,4.622,12 s0.009-2.688,0.052-3.637c0.04-0.877,0.187-1.354,0.31-1.671c0.163-0.42,0.358-0.72,0.673-1.035 c0.315-0.315,0.615-0.51,1.035-0.673c0.317-0.123,0.794-0.27,1.671-0.31C9.312,4.631,9.597,4.622,12,4.622 M12,3 C9.556,3,9.249,3.01,8.289,3.054C7.331,3.098,6.677,3.25,6.105,3.472C5.513,3.702,5.011,4.01,4.511,4.511 c-0.5,0.5-0.808,1.002-1.038,1.594C3.25,6.677,3.098,7.331,3.054,8.289C3.01,9.249,3,9.556,3,12c0,2.444,0.01,2.751,0.054,3.711 c0.044,0.958,0.196,1.612,0.418,2.185c0.23,0.592,0.538,1.094,1.038,1.594c0.5,0.5,1.002,0.808,1.594,1.038 c0.572,0.222,1.227,0.375,2.185,0.418C9.249,20.99,9.556,21,12,21s2.751-0.01,3.711-0.054c0.958-0.044,1.612-0.196,2.185-0.418 c0.592-0.23,1.094-0.538,1.594-1.038c0.5-0.5,0.808-1.002,1.038-1.594c0.222-0.572,0.375-1.227,0.418-2.185 C20.99,14.751,21,14.444,21,12s-0.01-2.751-0.054-3.711c-0.044-0.958-0.196-1.612-0.418-2.185c-0.23-0.592-0.538-1.094-1.038-1.594 c-0.5-0.5-1.002-0.808-1.594-1.038c-0.572-0.222-1.227-0.375-2.185-0.418C14.751,3.01,14.444,3,12,3L12,3z M12,7.378 c-2.552,0-4.622,2.069-4.622,4.622S9.448,16.622,12,16.622s4.622-2.069,4.622-4.622S14.552,7.378,12,7.378z M12,15 c-1.657,0-3-1.343-3-3s1.343-3,3-3s3,1.343,3,3S13.657,15,12,15z M16.804,6.116c-0.596,0-1.08,0.484-1.08,1.08 s0.484,1.08,1.08,1.08c0.596,0,1.08-0.484,1.08-1.08S17.401,6.116,16.804,6.116z\"><\/path><\/svg><span class=\"wp-block-social-link-label screen-reader-text\">Instagram<\/span><\/a><\/li><\/ul>\n\n\n\n<hr class=\"wp-block-separator has-text-color has-neve-link-color-color has-alpha-channel-opacity has-neve-link-color-background-color has-background\"\/>\n\n\n\n<h3 class=\"wp-block-heading has-nv-c-2-color has-text-color\"><strong>Bibliographie :<\/strong><\/h3>\n\n\n\n<h4 class=\"wp-block-heading has-nv-c-1-color has-text-color\"><strong>Chez Phylact\u00e8res :<\/strong><\/h4>\n\n\n\n<p class=\"has-neve-text-color-color has-text-color\"><strong>BD :<\/strong><br>Album Les Rencontres Improbables<br>VHB Illustration pour l&rsquo;interlude \u00ab\u00a0Pour survivre\u00a0\u00bb <br>VHB &#8211; Missions : the calm before. 1 chapitre \u00ab\u00a0chapitre 2\u00a0\u00bb <br>VHB &#8211; Fill in the blanks. 1 chapitre \u00ab\u00a0Installation\u00a0\u00bb<br>BK\/zone 57 chapitre extra <br>Zone 57 couverture speciale<br>NON?Si! 13, 14, 15, 16 \u00ab\u00a0Yin-Yin &amp; Bao\u00a0\u00bb<br>L&rsquo;impitoyable illustr\u00e9 \u00ab\u00a0Clara Westwood.\u00a0\u00bb<br>Yin-Yin &amp; Bao<\/p>\n<\/div>\n<\/div>\n\n\n\n<div style=\"height:0px\" aria-hidden=\"true\" class=\"wp-block-spacer\"><\/div>\n<\/div><\/div>\n\n\n\n<h3 class=\"wp-block-heading has-nv-c-2-color has-text-color\">Images de Morad Dermel :<\/h3>\n\n\n\n<figure class=\"wp-block-gallery has-nested-images columns-default is-cropped wp-block-gallery-1 is-layout-flex wp-block-gallery-is-layout-flex\"><div class=\"wp-block-image\">\n<figure class=\"aligncenter size-large\"><img data-recalc-dims=\"1\" loading=\"lazy\" decoding=\"async\" width=\"1000\" height=\"500\" data-id=\"1537\" src=\"https:\/\/i0.wp.com\/phylacteres-bd.fr\/wp-content\/uploads\/2024\/10\/couv-yyb-crop.jpg?resize=1000%2C500\" alt=\"\" class=\"wp-image-1537\" srcset=\"https:\/\/i0.wp.com\/phylacteres-bd.fr\/wp-content\/uploads\/2024\/10\/couv-yyb-crop.jpg?w=1000&amp;ssl=1 1000w, https:\/\/i0.wp.com\/phylacteres-bd.fr\/wp-content\/uploads\/2024\/10\/couv-yyb-crop.jpg?resize=300%2C150&amp;ssl=1 300w, https:\/\/i0.wp.com\/phylacteres-bd.fr\/wp-content\/uploads\/2024\/10\/couv-yyb-crop.jpg?resize=768%2C384&amp;ssl=1 768w, https:\/\/i0.wp.com\/phylacteres-bd.fr\/wp-content\/uploads\/2024\/10\/couv-yyb-crop.jpg?resize=200%2C100&amp;ssl=1 200w, https:\/\/i0.wp.com\/phylacteres-bd.fr\/wp-content\/uploads\/2024\/10\/couv-yyb-crop.jpg?resize=500%2C250&amp;ssl=1 500w\" sizes=\"auto, (max-width: 1000px) 100vw, 1000px\" \/><\/figure>\n<\/div>\n\n\n<figure class=\"wp-block-image size-large\"><img data-recalc-dims=\"1\" loading=\"lazy\" decoding=\"async\" width=\"500\" height=\"705\" data-id=\"1536\" src=\"https:\/\/i0.wp.com\/phylacteres-bd.fr\/wp-content\/uploads\/2024\/10\/yyb5.jpg?resize=500%2C705\" alt=\"\" class=\"wp-image-1536\" srcset=\"https:\/\/i0.wp.com\/phylacteres-bd.fr\/wp-content\/uploads\/2024\/10\/yyb5.jpg?w=500&amp;ssl=1 500w, https:\/\/i0.wp.com\/phylacteres-bd.fr\/wp-content\/uploads\/2024\/10\/yyb5.jpg?resize=213%2C300&amp;ssl=1 213w, https:\/\/i0.wp.com\/phylacteres-bd.fr\/wp-content\/uploads\/2024\/10\/yyb5.jpg?resize=200%2C282&amp;ssl=1 200w\" sizes=\"auto, (max-width: 500px) 100vw, 500px\" \/><\/figure>\n\n\n\n<figure class=\"wp-block-image size-large\"><img data-recalc-dims=\"1\" loading=\"lazy\" decoding=\"async\" width=\"500\" height=\"705\" data-id=\"1535\" src=\"https:\/\/i0.wp.com\/phylacteres-bd.fr\/wp-content\/uploads\/2024\/10\/yyb4.jpg?resize=500%2C705\" alt=\"\" class=\"wp-image-1535\" srcset=\"https:\/\/i0.wp.com\/phylacteres-bd.fr\/wp-content\/uploads\/2024\/10\/yyb4.jpg?w=500&amp;ssl=1 500w, https:\/\/i0.wp.com\/phylacteres-bd.fr\/wp-content\/uploads\/2024\/10\/yyb4.jpg?resize=213%2C300&amp;ssl=1 213w, https:\/\/i0.wp.com\/phylacteres-bd.fr\/wp-content\/uploads\/2024\/10\/yyb4.jpg?resize=200%2C282&amp;ssl=1 200w\" sizes=\"auto, (max-width: 500px) 100vw, 500px\" \/><\/figure>\n\n\n\n<figure class=\"wp-block-image size-large\"><img data-recalc-dims=\"1\" loading=\"lazy\" decoding=\"async\" width=\"500\" height=\"705\" data-id=\"1534\" src=\"https:\/\/i0.wp.com\/phylacteres-bd.fr\/wp-content\/uploads\/2024\/10\/yyb3.jpg?resize=500%2C705\" alt=\"\" class=\"wp-image-1534\" srcset=\"https:\/\/i0.wp.com\/phylacteres-bd.fr\/wp-content\/uploads\/2024\/10\/yyb3.jpg?w=500&amp;ssl=1 500w, https:\/\/i0.wp.com\/phylacteres-bd.fr\/wp-content\/uploads\/2024\/10\/yyb3.jpg?resize=213%2C300&amp;ssl=1 213w, https:\/\/i0.wp.com\/phylacteres-bd.fr\/wp-content\/uploads\/2024\/10\/yyb3.jpg?resize=200%2C282&amp;ssl=1 200w\" sizes=\"auto, (max-width: 500px) 100vw, 500px\" \/><\/figure>\n\n\n\n<figure class=\"wp-block-image size-large\"><img data-recalc-dims=\"1\" loading=\"lazy\" decoding=\"async\" width=\"500\" height=\"705\" data-id=\"1533\" src=\"https:\/\/i0.wp.com\/phylacteres-bd.fr\/wp-content\/uploads\/2024\/10\/yyb2.jpg?resize=500%2C705\" alt=\"\" class=\"wp-image-1533\" srcset=\"https:\/\/i0.wp.com\/phylacteres-bd.fr\/wp-content\/uploads\/2024\/10\/yyb2.jpg?w=500&amp;ssl=1 500w, https:\/\/i0.wp.com\/phylacteres-bd.fr\/wp-content\/uploads\/2024\/10\/yyb2.jpg?resize=213%2C300&amp;ssl=1 213w, https:\/\/i0.wp.com\/phylacteres-bd.fr\/wp-content\/uploads\/2024\/10\/yyb2.jpg?resize=200%2C282&amp;ssl=1 200w\" sizes=\"auto, (max-width: 500px) 100vw, 500px\" \/><\/figure>\n\n\n\n<figure class=\"wp-block-image size-large\"><img data-recalc-dims=\"1\" loading=\"lazy\" decoding=\"async\" width=\"1022\" height=\"1024\" data-id=\"1544\" src=\"https:\/\/i0.wp.com\/phylacteres-bd.fr\/wp-content\/uploads\/2024\/10\/Momotaro-phylacteres-profile-e1728744720141-1022x1024.jpg?resize=1022%2C1024\" alt=\"Photo de Morad\" class=\"wp-image-1544\" srcset=\"https:\/\/i0.wp.com\/phylacteres-bd.fr\/wp-content\/uploads\/2024\/10\/Momotaro-phylacteres-profile-e1728744720141.jpg?resize=1022%2C1024&amp;ssl=1 1022w, https:\/\/i0.wp.com\/phylacteres-bd.fr\/wp-content\/uploads\/2024\/10\/Momotaro-phylacteres-profile-e1728744720141.jpg?resize=300%2C300&amp;ssl=1 300w, https:\/\/i0.wp.com\/phylacteres-bd.fr\/wp-content\/uploads\/2024\/10\/Momotaro-phylacteres-profile-e1728744720141.jpg?resize=150%2C150&amp;ssl=1 150w, https:\/\/i0.wp.com\/phylacteres-bd.fr\/wp-content\/uploads\/2024\/10\/Momotaro-phylacteres-profile-e1728744720141.jpg?resize=768%2C769&amp;ssl=1 768w, https:\/\/i0.wp.com\/phylacteres-bd.fr\/wp-content\/uploads\/2024\/10\/Momotaro-phylacteres-profile-e1728744720141.jpg?resize=200%2C200&amp;ssl=1 200w, https:\/\/i0.wp.com\/phylacteres-bd.fr\/wp-content\/uploads\/2024\/10\/Momotaro-phylacteres-profile-e1728744720141.jpg?resize=500%2C501&amp;ssl=1 500w, https:\/\/i0.wp.com\/phylacteres-bd.fr\/wp-content\/uploads\/2024\/10\/Momotaro-phylacteres-profile-e1728744720141.jpg?resize=100%2C100&amp;ssl=1 100w, https:\/\/i0.wp.com\/phylacteres-bd.fr\/wp-content\/uploads\/2024\/10\/Momotaro-phylacteres-profile-e1728744720141.jpg?w=1036&amp;ssl=1 1036w\" sizes=\"auto, (max-width: 1022px) 100vw, 1022px\" \/><\/figure>\n<\/figure>\n\n\n\n<div style=\"height:100px\" aria-hidden=\"true\" class=\"wp-block-spacer\"><\/div>\n\n\n\n<p><\/p>\n","protected":false},"excerpt":{"rendered":"<p>Images de Morad Dermel :<\/p>\n","protected":false},"author":1,"featured_media":0,"parent":0,"menu_order":0,"comment_status":"closed","ping_status":"closed","template":"","meta":{"neve_meta_sidebar":"","neve_meta_container":"","neve_meta_enable_content_width":"","neve_meta_content_width":0,"neve_meta_title_alignment":"","neve_meta_author_avatar":"","neve_post_elements_order":"","neve_meta_disable_header":"","neve_meta_disable_footer":"","neve_meta_disable_title":"","_themeisle_gutenberg_block_has_review":false,"footnotes":""},"class_list":["post-1543","page","type-page","status-publish","hentry"],"jetpack_sharing_enabled":true,"_links":{"self":[{"href":"https:\/\/phylacteres-bd.fr\/index.php\/wp-json\/wp\/v2\/pages\/1543","targetHints":{"allow":["GET"]}}],"collection":[{"href":"https:\/\/phylacteres-bd.fr\/index.php\/wp-json\/wp\/v2\/pages"}],"about":[{"href":"https:\/\/phylacteres-bd.fr\/index.php\/wp-json\/wp\/v2\/types\/page"}],"author":[{"embeddable":true,"href":"https:\/\/phylacteres-bd.fr\/index.php\/wp-json\/wp\/v2\/users\/1"}],"replies":[{"embeddable":true,"href":"https:\/\/phylacteres-bd.fr\/index.php\/wp-json\/wp\/v2\/comments?post=1543"}],"version-history":[{"count":4,"href":"https:\/\/phylacteres-bd.fr\/index.php\/wp-json\/wp\/v2\/pages\/1543\/revisions"}],"predecessor-version":[{"id":1643,"href":"https:\/\/phylacteres-bd.fr\/index.php\/wp-json\/wp\/v2\/pages\/1543\/revisions\/1643"}],"wp:attachment":[{"href":"https:\/\/phylacteres-bd.fr\/index.php\/wp-json\/wp\/v2\/media?parent=1543"}],"curies":[{"name":"wp","href":"https:\/\/api.w.org\/{rel}","templated":true}]}}