{"id":38,"date":"2022-12-28T14:02:53","date_gmt":"2022-12-28T13:02:53","guid":{"rendered":"http:\/\/phylacteres-bd.fr\/?page_id=38"},"modified":"2022-12-31T17:46:18","modified_gmt":"2022-12-31T16:46:18","slug":"sylvain-costa","status":"publish","type":"page","link":"https:\/\/phylacteres-bd.fr\/index.php\/portofolio\/sylvain-costa\/","title":{"rendered":"Sylvain Costa"},"content":{"rendered":"\n<div class=\"wp-block-cover alignfull\" style=\"min-height:361px;aspect-ratio:unset;\"><span aria-hidden=\"true\" class=\"wp-block-cover__background has-background-dim-0 has-background-dim\"><\/span><img data-recalc-dims=\"1\" loading=\"lazy\" decoding=\"async\" width=\"1200\" height=\"487\" class=\"wp-block-cover__image-background wp-image-126\" alt=\"\" src=\"https:\/\/i0.wp.com\/phylacteres-bd.fr\/wp-content\/uploads\/2022\/12\/ban-phylacteres-1.jpg?resize=1200%2C487\" data-object-fit=\"cover\" srcset=\"https:\/\/i0.wp.com\/phylacteres-bd.fr\/wp-content\/uploads\/2022\/12\/ban-phylacteres-1.jpg?w=2000&amp;ssl=1 2000w, https:\/\/i0.wp.com\/phylacteres-bd.fr\/wp-content\/uploads\/2022\/12\/ban-phylacteres-1.jpg?resize=300%2C122&amp;ssl=1 300w, https:\/\/i0.wp.com\/phylacteres-bd.fr\/wp-content\/uploads\/2022\/12\/ban-phylacteres-1.jpg?resize=1024%2C415&amp;ssl=1 1024w, https:\/\/i0.wp.com\/phylacteres-bd.fr\/wp-content\/uploads\/2022\/12\/ban-phylacteres-1.jpg?resize=768%2C311&amp;ssl=1 768w, https:\/\/i0.wp.com\/phylacteres-bd.fr\/wp-content\/uploads\/2022\/12\/ban-phylacteres-1.jpg?resize=1536%2C623&amp;ssl=1 1536w\" sizes=\"auto, (max-width: 1200px) 100vw, 1200px\" \/><div class=\"wp-block-cover__inner-container is-layout-flow wp-block-cover-is-layout-flow\">\n<p><\/p>\n<\/div><\/div>\n\n\n\n<div class=\"wp-block-cover alignwide\"><span aria-hidden=\"true\" class=\"wp-block-cover__background has-nv-site-bg-background-color has-background-dim-100 has-background-dim\"><\/span><div class=\"wp-block-cover__inner-container is-layout-flow wp-block-cover-is-layout-flow\">\n<div style=\"height:50px\" aria-hidden=\"true\" class=\"wp-block-spacer\"><\/div>\n\n\n\n<p class=\"has-text-align-center has-neve-text-color-color has-text-color has-large-font-size\"><strong>Sylvain Costa<\/strong> (alias Tosca)<\/p>\n\n\n\n<hr class=\"wp-block-separator has-alpha-channel-opacity\"\/>\n\n\n\n<div class=\"wp-block-columns has-neve-text-color-color has-text-color is-layout-flex wp-container-core-columns-is-layout-9d6595d7 wp-block-columns-is-layout-flex\">\n<div class=\"wp-block-column has-neve-text-color-color has-text-color is-layout-flow wp-block-column-is-layout-flow\" style=\"flex-basis:66.66%\">\n<p class=\"has-nv-c-2-color has-text-color\"><strong>(Dessinateur &#8211; sc\u00e9nariste &#8211; coloriste &#8211; maquettiste)<\/strong><\/p>\n\n\n\n<ul class=\"wp-block-list\">\n<li>Habite \u00e0 Nancy<\/li>\n<\/ul>\n\n\n\n<ul class=\"wp-block-list\"><\/ul>\n\n\n\n<ul class=\"wp-block-list\"><\/ul>\n\n\n\n<p><strong>Dipl\u00f4m\u00e9 de l\u2019\u00e9cole ESTINNE \u00e0 Paris,<\/strong> infographiste et motion designer, il se passionne pour le digital painting et r\u00e9alise de nombreuses illustrations.&nbsp;Il a \u00e9galement particip\u00e9 \u00e0 d\u2019autres albums publi\u00e9s chez Phylact\u00e8res et est le maquettiste en chef de la revue NON?Si! depuis quelques num\u00e9ros. <\/p>\n<\/div>\n\n\n\n<div class=\"wp-block-column is-layout-flow wp-block-column-is-layout-flow\" style=\"flex-basis:33.33%\">\n<figure class=\"wp-block-image size-full animated fadeInRight ticss-daaffaba\"><img data-recalc-dims=\"1\" loading=\"lazy\" decoding=\"async\" width=\"500\" height=\"500\" src=\"https:\/\/i0.wp.com\/phylacteres-bd.fr\/wp-content\/uploads\/2022\/12\/membres-tosca.jpg?resize=500%2C500\" alt=\"\" class=\"wp-image-539\" srcset=\"https:\/\/i0.wp.com\/phylacteres-bd.fr\/wp-content\/uploads\/2022\/12\/membres-tosca.jpg?w=500&amp;ssl=1 500w, https:\/\/i0.wp.com\/phylacteres-bd.fr\/wp-content\/uploads\/2022\/12\/membres-tosca.jpg?resize=300%2C300&amp;ssl=1 300w, https:\/\/i0.wp.com\/phylacteres-bd.fr\/wp-content\/uploads\/2022\/12\/membres-tosca.jpg?resize=150%2C150&amp;ssl=1 150w\" sizes=\"auto, (max-width: 500px) 100vw, 500px\" \/><\/figure>\n<\/div>\n<\/div>\n\n\n\n<div class=\"wp-block-columns has-neve-text-color-color has-text-color is-layout-flex wp-container-core-columns-is-layout-9d6595d7 wp-block-columns-is-layout-flex\">\n<div class=\"wp-block-column is-layout-flow wp-block-column-is-layout-flow\">\n<ul class=\"wp-block-social-links is-layout-flex wp-block-social-links-is-layout-flex\"><li class=\"wp-social-link wp-social-link-facebook  wp-block-social-link\"><a href=\"https:\/\/www.facebook.com\/camaieu.tosca\" class=\"wp-block-social-link-anchor\"><svg width=\"24\" height=\"24\" viewBox=\"0 0 24 24\" version=\"1.1\" xmlns=\"http:\/\/www.w3.org\/2000\/svg\" aria-hidden=\"true\" focusable=\"false\"><path d=\"M12 2C6.5 2 2 6.5 2 12c0 5 3.7 9.1 8.4 9.9v-7H7.9V12h2.5V9.8c0-2.5 1.5-3.9 3.8-3.9 1.1 0 2.2.2 2.2.2v2.5h-1.3c-1.2 0-1.6.8-1.6 1.6V12h2.8l-.4 2.9h-2.3v7C18.3 21.1 22 17 22 12c0-5.5-4.5-10-10-10z\"><\/path><\/svg><span class=\"wp-block-social-link-label screen-reader-text\">Facebook<\/span><\/a><\/li>\n\n<li class=\"wp-social-link wp-social-link-youtube  wp-block-social-link\"><a href=\"https:\/\/www.youtube.com\/@54camaieu\" class=\"wp-block-social-link-anchor\"><svg width=\"24\" height=\"24\" viewBox=\"0 0 24 24\" version=\"1.1\" xmlns=\"http:\/\/www.w3.org\/2000\/svg\" aria-hidden=\"true\" focusable=\"false\"><path d=\"M21.8,8.001c0,0-0.195-1.378-0.795-1.985c-0.76-0.797-1.613-0.801-2.004-0.847c-2.799-0.202-6.997-0.202-6.997-0.202 h-0.009c0,0-4.198,0-6.997,0.202C4.608,5.216,3.756,5.22,2.995,6.016C2.395,6.623,2.2,8.001,2.2,8.001S2,9.62,2,11.238v1.517 c0,1.618,0.2,3.237,0.2,3.237s0.195,1.378,0.795,1.985c0.761,0.797,1.76,0.771,2.205,0.855c1.6,0.153,6.8,0.201,6.8,0.201 s4.203-0.006,7.001-0.209c0.391-0.047,1.243-0.051,2.004-0.847c0.6-0.607,0.795-1.985,0.795-1.985s0.2-1.618,0.2-3.237v-1.517 C22,9.62,21.8,8.001,21.8,8.001z M9.935,14.594l-0.001-5.62l5.404,2.82L9.935,14.594z\"><\/path><\/svg><span class=\"wp-block-social-link-label screen-reader-text\">YouTube<\/span><\/a><\/li><\/ul>\n\n\n\n<hr class=\"wp-block-separator has-text-color has-neve-link-color-color has-alpha-channel-opacity has-neve-link-color-background-color has-background\"\/>\n\n\n\n<h3 class=\"has-nv-c-2-color has-text-color wp-block-heading\"><strong>Bibliographie :<\/strong><\/h3>\n\n\n\n<h4 class=\"has-nv-c-1-color has-text-color wp-block-heading\"><strong>Chez Phylact\u00e8res :<\/strong><\/h4>\n\n\n\n<p><strong>BD (sc\u00e9nariste, dessinateur et coloriste) :<\/strong><br>&#8211; l\u2019Innommable Illustr\u00e9 (Chtulhu Life, L\u2019\u00efle, La mare, L\u00e2chez-les chiens).<\/p>\n\n\n\n<p><strong>BD (coloriste) :<\/strong><br>&#8211; VHB Fill In The Blanks (Doe).<\/p>\n<\/div>\n<\/div>\n\n\n\n<div style=\"height:0px\" aria-hidden=\"true\" class=\"wp-block-spacer\"><\/div>\n<\/div><\/div>\n\n\n\n<h3 class=\"has-nv-c-2-color has-text-color wp-block-heading\">Image de Tosca : <\/h3>\n\n\n<div class=\"wp-block-image\">\n<figure class=\"aligncenter size-full\"><img data-recalc-dims=\"1\" loading=\"lazy\" decoding=\"async\" width=\"707\" height=\"1000\" src=\"https:\/\/i0.wp.com\/phylacteres-bd.fr\/wp-content\/uploads\/2022\/12\/sylvain-costa-enfer-4.jpg?resize=707%2C1000\" alt=\"\" class=\"wp-image-637\" srcset=\"https:\/\/i0.wp.com\/phylacteres-bd.fr\/wp-content\/uploads\/2022\/12\/sylvain-costa-enfer-4.jpg?w=707&amp;ssl=1 707w, https:\/\/i0.wp.com\/phylacteres-bd.fr\/wp-content\/uploads\/2022\/12\/sylvain-costa-enfer-4.jpg?resize=212%2C300&amp;ssl=1 212w\" sizes=\"auto, (max-width: 707px) 100vw, 707px\" \/><\/figure>\n<\/div>\n\n\n<div style=\"height:50px\" aria-hidden=\"true\" class=\"wp-block-spacer\"><\/div>\n","protected":false},"excerpt":{"rendered":"<p>Image de Tosca :<\/p>\n","protected":false},"author":1,"featured_media":0,"parent":9,"menu_order":0,"comment_status":"closed","ping_status":"closed","template":"","meta":{"neve_meta_sidebar":"","neve_meta_container":"","neve_meta_enable_content_width":"on","neve_meta_content_width":70,"neve_meta_title_alignment":"","neve_meta_author_avatar":"","neve_post_elements_order":"","neve_meta_disable_header":"","neve_meta_disable_footer":"","neve_meta_disable_title":"on","_themeisle_gutenberg_block_has_review":false,"footnotes":""},"class_list":["post-38","page","type-page","status-publish","hentry"],"jetpack_sharing_enabled":true,"_links":{"self":[{"href":"https:\/\/phylacteres-bd.fr\/index.php\/wp-json\/wp\/v2\/pages\/38","targetHints":{"allow":["GET"]}}],"collection":[{"href":"https:\/\/phylacteres-bd.fr\/index.php\/wp-json\/wp\/v2\/pages"}],"about":[{"href":"https:\/\/phylacteres-bd.fr\/index.php\/wp-json\/wp\/v2\/types\/page"}],"author":[{"embeddable":true,"href":"https:\/\/phylacteres-bd.fr\/index.php\/wp-json\/wp\/v2\/users\/1"}],"replies":[{"embeddable":true,"href":"https:\/\/phylacteres-bd.fr\/index.php\/wp-json\/wp\/v2\/comments?post=38"}],"version-history":[{"count":8,"href":"https:\/\/phylacteres-bd.fr\/index.php\/wp-json\/wp\/v2\/pages\/38\/revisions"}],"predecessor-version":[{"id":640,"href":"https:\/\/phylacteres-bd.fr\/index.php\/wp-json\/wp\/v2\/pages\/38\/revisions\/640"}],"up":[{"embeddable":true,"href":"https:\/\/phylacteres-bd.fr\/index.php\/wp-json\/wp\/v2\/pages\/9"}],"wp:attachment":[{"href":"https:\/\/phylacteres-bd.fr\/index.php\/wp-json\/wp\/v2\/media?parent=38"}],"curies":[{"name":"wp","href":"https:\/\/api.w.org\/{rel}","templated":true}]}}