{"id":460,"date":"2022-12-31T10:04:59","date_gmt":"2022-12-31T09:04:59","guid":{"rendered":"http:\/\/phylacteres-bd.fr\/?page_id=460"},"modified":"2023-01-02T09:42:30","modified_gmt":"2023-01-02T08:42:30","slug":"gregory-roblin-goblin","status":"publish","type":"page","link":"https:\/\/phylacteres-bd.fr\/index.php\/portofolio\/gregory-roblin-goblin\/","title":{"rendered":"Gr\u00e9gory Roblin (Goblin)"},"content":{"rendered":"\n<div class=\"wp-block-cover alignfull\" style=\"min-height:361px;aspect-ratio:unset;\"><span aria-hidden=\"true\" class=\"wp-block-cover__background has-background-dim-0 has-background-dim\"><\/span><img data-recalc-dims=\"1\" loading=\"lazy\" decoding=\"async\" width=\"1200\" height=\"487\" class=\"wp-block-cover__image-background wp-image-126\" alt=\"\" src=\"https:\/\/i0.wp.com\/phylacteres-bd.fr\/wp-content\/uploads\/2022\/12\/ban-phylacteres-1.jpg?resize=1200%2C487\" data-object-fit=\"cover\" srcset=\"https:\/\/i0.wp.com\/phylacteres-bd.fr\/wp-content\/uploads\/2022\/12\/ban-phylacteres-1.jpg?w=2000&amp;ssl=1 2000w, https:\/\/i0.wp.com\/phylacteres-bd.fr\/wp-content\/uploads\/2022\/12\/ban-phylacteres-1.jpg?resize=300%2C122&amp;ssl=1 300w, https:\/\/i0.wp.com\/phylacteres-bd.fr\/wp-content\/uploads\/2022\/12\/ban-phylacteres-1.jpg?resize=1024%2C415&amp;ssl=1 1024w, https:\/\/i0.wp.com\/phylacteres-bd.fr\/wp-content\/uploads\/2022\/12\/ban-phylacteres-1.jpg?resize=768%2C311&amp;ssl=1 768w, https:\/\/i0.wp.com\/phylacteres-bd.fr\/wp-content\/uploads\/2022\/12\/ban-phylacteres-1.jpg?resize=1536%2C623&amp;ssl=1 1536w\" sizes=\"auto, (max-width: 1200px) 100vw, 1200px\" \/><div class=\"wp-block-cover__inner-container is-layout-flow wp-block-cover-is-layout-flow\">\n<p><\/p>\n<\/div><\/div>\n\n\n\n<div class=\"wp-block-cover alignwide\"><span aria-hidden=\"true\" class=\"wp-block-cover__background has-nv-site-bg-background-color has-background-dim-100 has-background-dim\"><\/span><div class=\"wp-block-cover__inner-container is-layout-flow wp-block-cover-is-layout-flow\">\n<div style=\"height:50px\" aria-hidden=\"true\" class=\"wp-block-spacer\"><\/div>\n\n\n\n<p class=\"has-text-align-center has-neve-text-color-color has-text-color has-large-font-size\"><strong>Gr\u00e9gory Roblin (alias Goblin)<\/strong><\/p>\n\n\n\n<hr class=\"wp-block-separator has-alpha-channel-opacity\"\/>\n\n\n\n<div class=\"wp-block-columns has-neve-text-color-color has-text-color is-layout-flex wp-container-core-columns-is-layout-9d6595d7 wp-block-columns-is-layout-flex\">\n<div class=\"wp-block-column has-neve-text-color-color has-text-color is-layout-flow wp-block-column-is-layout-flow\" style=\"flex-basis:66.66%\">\n<p class=\"has-nv-c-2-color has-text-color\"><strong>(Dessinateur &#8211; sc\u00e9nariste &#8211; coloriste)<\/strong><\/p>\n\n\n\n<p>N\u00e9 quelque part dans la Lorraine des ann\u00e9es 70, Gr\u00e9gory Roblin (dit Goblin) a d\u00e9couvert tr\u00e8s jeune les comics et les graphismes de John Byrne et John Romita Jr. Mais de son propre aveux, le go\u00fbt du dessin doit certainement lui venir d\u2019un lointain anc\u00eatre qui, alors que le reste de la tribu devait partir chassez le Mammouth, restait tranquillement \u00e0 la grotte pour en peindre les murs.<\/p>\n<\/div>\n\n\n\n<div class=\"wp-block-column is-layout-flow wp-block-column-is-layout-flow\" style=\"flex-basis:33.33%\">\n<figure class=\"wp-block-image size-full animated fadeInRight ticss-daaffaba\"><img data-recalc-dims=\"1\" loading=\"lazy\" decoding=\"async\" width=\"500\" height=\"500\" src=\"https:\/\/i0.wp.com\/phylacteres-bd.fr\/wp-content\/uploads\/2022\/12\/membres-goblin.jpg?resize=500%2C500\" alt=\"\" class=\"wp-image-526\" srcset=\"https:\/\/i0.wp.com\/phylacteres-bd.fr\/wp-content\/uploads\/2022\/12\/membres-goblin.jpg?w=500&amp;ssl=1 500w, https:\/\/i0.wp.com\/phylacteres-bd.fr\/wp-content\/uploads\/2022\/12\/membres-goblin.jpg?resize=300%2C300&amp;ssl=1 300w, https:\/\/i0.wp.com\/phylacteres-bd.fr\/wp-content\/uploads\/2022\/12\/membres-goblin.jpg?resize=150%2C150&amp;ssl=1 150w\" sizes=\"auto, (max-width: 500px) 100vw, 500px\" \/><\/figure>\n<\/div>\n<\/div>\n\n\n\n<div class=\"wp-block-columns has-neve-text-color-color has-text-color is-layout-flex wp-container-core-columns-is-layout-9d6595d7 wp-block-columns-is-layout-flex\">\n<div class=\"wp-block-column is-layout-flow wp-block-column-is-layout-flow\">\n<p>Apr\u00e8s quelques concours d\u2019arts locaux et un passage par le monde du dessin-anim\u00e9, Goblin retourne dans sa propre grotte pour y dessiner encore et encore, int\u00e9grant \u00e0 l\u2019influence d\u2019auteurs am\u00e9ricains (Brian Bolland, Jim Lee, Adi Granov, David Finch, Alex Ross) celle des anime japonais qu\u2019il ingurgite \u00e0 forte dose.<br>Toujours pr\u00eat \u00e0 pr\u00eater ses crayons pour le projet des autres, notamment ceux des membres du collectif Phylact\u00e8res, il d\u00e9veloppe en parall\u00e8le son univers, In Vitro, o\u00f9 il peut fusionner ses influences artistiques et ses th\u00e9matiques favorites (issue d\u2019\u0153uvre aussi vari\u00e9e que \u00ab Les liaisons dangereuses \u00bb,&nbsp;<em>Le Seigneurs des anneaux<\/em>, la s\u00e9rie&nbsp;<em>Dexter<\/em>, ou les mangas&nbsp;<em>Akira&nbsp;<\/em>&nbsp;ou&nbsp;<em>Gantz<\/em>. Un univers o\u00f9 surtout il peut int\u00e9grer des \u00e9l\u00e9ments tr\u00e8s personnel, tel que son rapport conflictuel au monde, le d\u00e9passement de son handicap et, parfois, son c\u00f4t\u00e9 fleur bleue.<\/p>\n\n\n\n<hr class=\"wp-block-separator has-text-color has-neve-link-color-color has-alpha-channel-opacity has-neve-link-color-background-color has-background\"\/>\n\n\n\n<h3 class=\"has-nv-c-2-color has-text-color wp-block-heading\"><strong>Bibliographie :<\/strong><\/h3>\n\n\n\n<h4 class=\"has-nv-c-1-color has-text-color wp-block-heading\"><strong>Chez Phylact\u00e8res :<\/strong><\/h4>\n\n\n\n<p class=\"has-neve-text-color-color has-text-color\"><strong>BD :<\/strong><br><a href=\"http:\/\/vhb.ouaisweb.com\/index.php?pages\/Still-Human\"><em>&#8211; VHB n\u00b03 &#8211; Still Human<\/em><\/a>,&nbsp;<em>Jour J+12<\/em>&nbsp;(sc\u00e9nario :&nbsp;<a href=\"http:\/\/www.ouaisweb.com\/auteurs\/auteurs\/index.php?pages\/Florent-Baudry\">Lokorst<\/a>, couleur : ZigEnfruke)<strong><br><\/strong><em>&#8211; In Vitro &#8211; Prologue&nbsp;<\/em>(co-sc\u00e9nariste :&nbsp;<a href=\"http:\/\/www.ouaisweb.com\/auteurs\/index.php?pages\/Florent-Baudry\">Lokorst&nbsp;<\/a>&#8211;&nbsp;<a href=\"http:\/\/nonsi.ouaisweb.com\/index.php?pages\/NONSi%21-n%C2%B011\"><em>NON?Si!<\/em>&nbsp;n\u00b011<\/a>)<br>&#8211;&nbsp;<a href=\"http:\/\/vhb.ouaisweb.com\/index.php?pages\/VHB-Unit\"><em>V.H.B. Unit<\/em><\/a>, s\u00e9quence d&rsquo;intro &#8211; 4 planches (sc\u00e9nario :&nbsp;<a href=\"http:\/\/www.ouaisweb.com\/auteurs\/index.php?pages\/Florent-Baudry\">Lokorst<\/a>, encrage ;&nbsp;<a href=\"http:\/\/www.ouaisweb.com\/auteurs\/index.php?pages\/Jimmy-Rogon\">Jim&rsquo;Ha\u00ef<\/a>, couleur :&nbsp; Solynk, storyboard&nbsp;<a href=\"http:\/\/www.ouaisweb.com\/auteurs\/index.php?pages\/David-Bulle\">: David Bulle<\/a>) ; s\u00e9quence \u00ab\u00a0Enzo\u00a0\u00bb &#8211; 2 planches (sc\u00e9nario :&nbsp;<a href=\"http:\/\/www.ouaisweb.com\/auteurs\/index.php?pages\/Florent-Baudry\">Lokorst<\/a>)<\/p>\n\n\n\n<p><strong>Illustrations :<br><\/strong>&#8211; 3\u00e8me de couverture de&nbsp;<a href=\"http:\/\/vhb.ouaisweb.com\/index.php?pages\/Still-Human\"><em>V.H.B.<\/em>&nbsp;n\u00b03<\/a>&nbsp;(couleur : ZigEnfruke)<br>&#8211; 2\u00e8me de couverture de&nbsp;<a href=\"http:\/\/vhb.ouaisweb.com\/index.php?pages\/Missions-%3A-the-calm-before\"><em>V.H.B.<\/em>&nbsp;n\u00b04<\/a>&nbsp;(couleur : ZigEnfruke)<br>&#8211; 2\u00e8me de couverture de&nbsp;<a href=\"http:\/\/vhb.ouaisweb.com\/index.php?pages\/VHB-Unit\"><em>V.H.B. &#8211; Unit<\/em><\/a><br>&#8211; 4\u00e8me de couverture de&nbsp;<a href=\"http:\/\/spermag.ouaisweb.com\/index.php?pages\/Spermag-n%C2%B01\"><em>Spermag&nbsp;<\/em>n\u00b01<\/a><br><em><a href=\"http:\/\/vhb.ouaisweb.com\/index.php?post\/2008\/05\/02\/176-enzo\">&#8211; \u00ab\u00a0Enzo\u00a0\u00bb<\/a><\/em>&nbsp;(texte :&nbsp;<a href=\"http:\/\/www.ouaisweb.com\/auteurs\/auteurs\/index.php?pages\/Florent-Baudry\">Lokorst&nbsp;<\/a>&#8211; Interlude V.H.B.)<br><em><a href=\"http:\/\/vhb.ouaisweb.com\/index.php?post\/2012\/03\/29\/Avec-elle\">&#8211; Avec elle<\/a><\/em>&nbsp;(texte :&nbsp;<a href=\"http:\/\/www.ouaisweb.com\/auteurs\/auteurs\/index.php?pages\/Florent-Baudry\">Lokorst&nbsp;<\/a>&#8211; Interlude V.H.B.)<br>&#8211; Interlude dans&nbsp;<a href=\"http:\/\/bk.ouaisweb.com\/index.php?pages\/Bertrand-Keufterian-n%C2%B02\"><em>Bertrand Keufterian<\/em>&nbsp;n\u00b02<\/a>&nbsp;(couleur : Solynk)<br><em><a href=\"http:\/\/ouaisweb.com\/boutiqueBD\/goodies\/38-blue-one.html\">&#8211; Blue One<\/a><\/em>&nbsp;(carte postale V.H.B.)<br><em><a href=\"http:\/\/ouaisweb.com\/boutiqueBD\/goodies\/39-carte-postale-ice.html\">&#8211; Ice&nbsp;<\/a><\/em>(carte postales V.H.B.)<br>&#8211; Couverture de<a href=\"http:\/\/vhb.ouaisweb.com\/index.php?pages\/VHB-Unit\"><em>&nbsp;V.H.B. Unit<\/em><\/a><\/p>\n\n\n\n<p><strong>Colorisations :<br><\/strong>&#8211; Couverture de&nbsp;<a href=\"http:\/\/nonsi.ouaisweb.com\/index.php?pages\/NONSi%21-n%C2%B012\"><em>NON?Si!<\/em>&nbsp;n\u00b012<\/a>&nbsp;(dessin : Sandro Salvino)<\/p>\n\n\n\n<h4 class=\"has-nv-c-1-color has-text-color wp-block-heading\">Mais aussi :<\/h4>\n\n\n\n<h5 class=\"has-nv-dark-bg-color has-text-color wp-block-heading\">Chez&nbsp;WEBEllipses&nbsp;&#8211; \u00c9diteur num\u00e9rique :<\/h5>\n\n\n\n<p><em>&#8211; In Vitro &#8211; Prologue&nbsp;<\/em>(co-sc\u00e9nariste :&nbsp;<a href=\"http:\/\/www.ouaisweb.com\/auteurs\/auteurs\/index.php?pages\/Florent-Baudry\">Lokorst<\/a>)<\/p>\n<\/div>\n<\/div>\n\n\n\n<div style=\"height:0px\" aria-hidden=\"true\" class=\"wp-block-spacer\"><\/div>\n<\/div><\/div>\n\n\n\n<h3 class=\"has-nv-c-2-color has-text-color wp-block-heading\">Images de Goblin : <\/h3>\n","protected":false},"excerpt":{"rendered":"<p>Images de Goblin :<\/p>\n","protected":false},"author":1,"featured_media":0,"parent":9,"menu_order":0,"comment_status":"closed","ping_status":"closed","template":"","meta":{"neve_meta_sidebar":"","neve_meta_container":"","neve_meta_enable_content_width":"on","neve_meta_content_width":70,"neve_meta_title_alignment":"","neve_meta_author_avatar":"","neve_post_elements_order":"","neve_meta_disable_header":"","neve_meta_disable_footer":"","neve_meta_disable_title":"","_themeisle_gutenberg_block_has_review":false,"footnotes":""},"class_list":["post-460","page","type-page","status-publish","hentry"],"jetpack_sharing_enabled":true,"_links":{"self":[{"href":"https:\/\/phylacteres-bd.fr\/index.php\/wp-json\/wp\/v2\/pages\/460","targetHints":{"allow":["GET"]}}],"collection":[{"href":"https:\/\/phylacteres-bd.fr\/index.php\/wp-json\/wp\/v2\/pages"}],"about":[{"href":"https:\/\/phylacteres-bd.fr\/index.php\/wp-json\/wp\/v2\/types\/page"}],"author":[{"embeddable":true,"href":"https:\/\/phylacteres-bd.fr\/index.php\/wp-json\/wp\/v2\/users\/1"}],"replies":[{"embeddable":true,"href":"https:\/\/phylacteres-bd.fr\/index.php\/wp-json\/wp\/v2\/comments?post=460"}],"version-history":[{"count":5,"href":"https:\/\/phylacteres-bd.fr\/index.php\/wp-json\/wp\/v2\/pages\/460\/revisions"}],"predecessor-version":[{"id":774,"href":"https:\/\/phylacteres-bd.fr\/index.php\/wp-json\/wp\/v2\/pages\/460\/revisions\/774"}],"up":[{"embeddable":true,"href":"https:\/\/phylacteres-bd.fr\/index.php\/wp-json\/wp\/v2\/pages\/9"}],"wp:attachment":[{"href":"https:\/\/phylacteres-bd.fr\/index.php\/wp-json\/wp\/v2\/media?parent=460"}],"curies":[{"name":"wp","href":"https:\/\/api.w.org\/{rel}","templated":true}]}}