{"id":462,"date":"2022-12-31T10:05:23","date_gmt":"2022-12-31T09:05:23","guid":{"rendered":"http:\/\/phylacteres-bd.fr\/?page_id=462"},"modified":"2023-01-02T09:47:20","modified_gmt":"2023-01-02T08:47:20","slug":"jimmy-rogon-jimhai","status":"publish","type":"page","link":"https:\/\/phylacteres-bd.fr\/index.php\/portofolio\/jimmy-rogon-jimhai\/","title":{"rendered":"Jimmy Rogon (Jim&rsquo;Ha\u00ef)"},"content":{"rendered":"\n<div class=\"wp-block-cover alignfull\" style=\"min-height:361px;aspect-ratio:unset;\"><span aria-hidden=\"true\" class=\"wp-block-cover__background has-background-dim-0 has-background-dim\"><\/span><img data-recalc-dims=\"1\" loading=\"lazy\" decoding=\"async\" width=\"1200\" height=\"487\" class=\"wp-block-cover__image-background wp-image-126\" alt=\"\" src=\"https:\/\/i0.wp.com\/phylacteres-bd.fr\/wp-content\/uploads\/2022\/12\/ban-phylacteres-1.jpg?resize=1200%2C487\" data-object-fit=\"cover\" srcset=\"https:\/\/i0.wp.com\/phylacteres-bd.fr\/wp-content\/uploads\/2022\/12\/ban-phylacteres-1.jpg?w=2000&amp;ssl=1 2000w, https:\/\/i0.wp.com\/phylacteres-bd.fr\/wp-content\/uploads\/2022\/12\/ban-phylacteres-1.jpg?resize=300%2C122&amp;ssl=1 300w, https:\/\/i0.wp.com\/phylacteres-bd.fr\/wp-content\/uploads\/2022\/12\/ban-phylacteres-1.jpg?resize=1024%2C415&amp;ssl=1 1024w, https:\/\/i0.wp.com\/phylacteres-bd.fr\/wp-content\/uploads\/2022\/12\/ban-phylacteres-1.jpg?resize=768%2C311&amp;ssl=1 768w, https:\/\/i0.wp.com\/phylacteres-bd.fr\/wp-content\/uploads\/2022\/12\/ban-phylacteres-1.jpg?resize=1536%2C623&amp;ssl=1 1536w\" sizes=\"auto, (max-width: 1200px) 100vw, 1200px\" \/><div class=\"wp-block-cover__inner-container is-layout-flow wp-block-cover-is-layout-flow\">\n<p><\/p>\n<\/div><\/div>\n\n\n\n<div class=\"wp-block-cover alignwide\"><span aria-hidden=\"true\" class=\"wp-block-cover__background has-nv-site-bg-background-color has-background-dim-100 has-background-dim\"><\/span><div class=\"wp-block-cover__inner-container is-layout-flow wp-block-cover-is-layout-flow\">\n<div style=\"height:50px\" aria-hidden=\"true\" class=\"wp-block-spacer\"><\/div>\n\n\n\n<p class=\"has-text-align-center has-neve-text-color-color has-text-color has-large-font-size\"><strong>Jimmy Rogon (alias Jim&rsquo;Ha\u00ef)<\/strong><\/p>\n\n\n\n<hr class=\"wp-block-separator has-alpha-channel-opacity\"\/>\n\n\n\n<div class=\"wp-block-columns has-neve-text-color-color has-text-color is-layout-flex wp-container-core-columns-is-layout-9d6595d7 wp-block-columns-is-layout-flex\">\n<div class=\"wp-block-column has-neve-text-color-color has-text-color is-layout-flow wp-block-column-is-layout-flow\" style=\"flex-basis:66.66%\">\n<p class=\"has-nv-c-2-color has-text-color\"><strong>(Dessinateur &#8211; sc\u00e9nariste &#8211; coloriste &#8211; maquettiste)<\/strong><\/p>\n\n\n\n<ul class=\"wp-block-list\">\n<li>R\u00e9sidant \u00e0 Gondreville (54)<\/li>\n\n\n\n<li><strong>Phylact\u00e8res :<\/strong> Membre depuis\u00a02004<\/li>\n\n\n\n<li>Co-cr\u00e9ateur de la s\u00e9rie\u00a0<a href=\"http:\/\/vhb.ouaisweb.com\/index.php?\"><strong><em>V.H.B.<\/em><\/strong><\/a><\/li>\n<\/ul>\n<\/div>\n\n\n\n<div class=\"wp-block-column is-layout-flow wp-block-column-is-layout-flow\" style=\"flex-basis:33.33%\">\n<figure class=\"wp-block-image size-full animated fadeInRight ticss-daaffaba\"><img data-recalc-dims=\"1\" loading=\"lazy\" decoding=\"async\" width=\"500\" height=\"500\" src=\"https:\/\/i0.wp.com\/phylacteres-bd.fr\/wp-content\/uploads\/2022\/12\/membres-jim.jpg?resize=500%2C500\" alt=\"\" class=\"wp-image-529\" srcset=\"https:\/\/i0.wp.com\/phylacteres-bd.fr\/wp-content\/uploads\/2022\/12\/membres-jim.jpg?w=500&amp;ssl=1 500w, https:\/\/i0.wp.com\/phylacteres-bd.fr\/wp-content\/uploads\/2022\/12\/membres-jim.jpg?resize=300%2C300&amp;ssl=1 300w, https:\/\/i0.wp.com\/phylacteres-bd.fr\/wp-content\/uploads\/2022\/12\/membres-jim.jpg?resize=150%2C150&amp;ssl=1 150w\" sizes=\"auto, (max-width: 500px) 100vw, 500px\" \/><\/figure>\n<\/div>\n<\/div>\n\n\n\n<div class=\"wp-block-columns has-neve-text-color-color has-text-color is-layout-flex wp-container-core-columns-is-layout-9d6595d7 wp-block-columns-is-layout-flex\">\n<div class=\"wp-block-column is-layout-flow wp-block-column-is-layout-flow\">\n<p>Jimmy Rogon alias Jim\u2019Ha\u00ef, guitariste pro dans le groupe Carn pendant trois ans, a laiss\u00e9 sa premi\u00e8re passion de c\u00f4t\u00e9 pour se consacrer au dessin et plus particuli\u00e8rement\u00a0la BD\u00a0qu\u2019il a pu perfectionner gr\u00e2ce \u00e0 l\u2019association Phylact\u00e8res \u00e0 Nancy.\u00a0<\/p>\n\n\n\n<p>Ses inspirations sont majoritairement le comics (Brian Hitch, Travis Charest, Adam Hughes, Frank Cho, Terry Dodson, Steve McNiven) mais aussi\u00a0la BD\u00a0europ\u00e9enne et depuis peu le manga. Il puise aussi beaucoup dans le cin\u00e9ma, les animes et le jeu vid\u00e9o puisque pour lui, toute source d\u2019image peut \u00eatre source d\u2019inspiration. Ses hobbies sont la guitare et la musique en g\u00e9n\u00e9ral.\u00a0<\/p>\n\n\n\n<p>site internet :\u00a0<a href=\"http:\/\/jimmy-rogon.deviantart.com\/\">jimmy-rogon.deviantart.com<\/a><\/p>\n\n\n\n<ul class=\"wp-block-social-links is-layout-flex wp-block-social-links-is-layout-flex\"><li class=\"wp-social-link wp-social-link-facebook  wp-block-social-link\"><a href=\"https:\/\/www.facebook.com\/jimmy.rogon\" class=\"wp-block-social-link-anchor\"><svg width=\"24\" height=\"24\" viewBox=\"0 0 24 24\" version=\"1.1\" xmlns=\"http:\/\/www.w3.org\/2000\/svg\" aria-hidden=\"true\" focusable=\"false\"><path d=\"M12 2C6.5 2 2 6.5 2 12c0 5 3.7 9.1 8.4 9.9v-7H7.9V12h2.5V9.8c0-2.5 1.5-3.9 3.8-3.9 1.1 0 2.2.2 2.2.2v2.5h-1.3c-1.2 0-1.6.8-1.6 1.6V12h2.8l-.4 2.9h-2.3v7C18.3 21.1 22 17 22 12c0-5.5-4.5-10-10-10z\"><\/path><\/svg><span class=\"wp-block-social-link-label screen-reader-text\">Facebook<\/span><\/a><\/li>\n\n<li class=\"wp-social-link wp-social-link-instagram  wp-block-social-link\"><a href=\"https:\/\/www.instagram.com\/guigui_le_gentil\/\" class=\"wp-block-social-link-anchor\"><svg width=\"24\" height=\"24\" viewBox=\"0 0 24 24\" version=\"1.1\" xmlns=\"http:\/\/www.w3.org\/2000\/svg\" aria-hidden=\"true\" focusable=\"false\"><path d=\"M12,4.622c2.403,0,2.688,0.009,3.637,0.052c0.877,0.04,1.354,0.187,1.671,0.31c0.42,0.163,0.72,0.358,1.035,0.673 c0.315,0.315,0.51,0.615,0.673,1.035c0.123,0.317,0.27,0.794,0.31,1.671c0.043,0.949,0.052,1.234,0.052,3.637 s-0.009,2.688-0.052,3.637c-0.04,0.877-0.187,1.354-0.31,1.671c-0.163,0.42-0.358,0.72-0.673,1.035 c-0.315,0.315-0.615,0.51-1.035,0.673c-0.317,0.123-0.794,0.27-1.671,0.31c-0.949,0.043-1.233,0.052-3.637,0.052 s-2.688-0.009-3.637-0.052c-0.877-0.04-1.354-0.187-1.671-0.31c-0.42-0.163-0.72-0.358-1.035-0.673 c-0.315-0.315-0.51-0.615-0.673-1.035c-0.123-0.317-0.27-0.794-0.31-1.671C4.631,14.688,4.622,14.403,4.622,12 s0.009-2.688,0.052-3.637c0.04-0.877,0.187-1.354,0.31-1.671c0.163-0.42,0.358-0.72,0.673-1.035 c0.315-0.315,0.615-0.51,1.035-0.673c0.317-0.123,0.794-0.27,1.671-0.31C9.312,4.631,9.597,4.622,12,4.622 M12,3 C9.556,3,9.249,3.01,8.289,3.054C7.331,3.098,6.677,3.25,6.105,3.472C5.513,3.702,5.011,4.01,4.511,4.511 c-0.5,0.5-0.808,1.002-1.038,1.594C3.25,6.677,3.098,7.331,3.054,8.289C3.01,9.249,3,9.556,3,12c0,2.444,0.01,2.751,0.054,3.711 c0.044,0.958,0.196,1.612,0.418,2.185c0.23,0.592,0.538,1.094,1.038,1.594c0.5,0.5,1.002,0.808,1.594,1.038 c0.572,0.222,1.227,0.375,2.185,0.418C9.249,20.99,9.556,21,12,21s2.751-0.01,3.711-0.054c0.958-0.044,1.612-0.196,2.185-0.418 c0.592-0.23,1.094-0.538,1.594-1.038c0.5-0.5,0.808-1.002,1.038-1.594c0.222-0.572,0.375-1.227,0.418-2.185 C20.99,14.751,21,14.444,21,12s-0.01-2.751-0.054-3.711c-0.044-0.958-0.196-1.612-0.418-2.185c-0.23-0.592-0.538-1.094-1.038-1.594 c-0.5-0.5-1.002-0.808-1.594-1.038c-0.572-0.222-1.227-0.375-2.185-0.418C14.751,3.01,14.444,3,12,3L12,3z M12,7.378 c-2.552,0-4.622,2.069-4.622,4.622S9.448,16.622,12,16.622s4.622-2.069,4.622-4.622S14.552,7.378,12,7.378z M12,15 c-1.657,0-3-1.343-3-3s1.343-3,3-3s3,1.343,3,3S13.657,15,12,15z M16.804,6.116c-0.596,0-1.08,0.484-1.08,1.08 s0.484,1.08,1.08,1.08c0.596,0,1.08-0.484,1.08-1.08S17.401,6.116,16.804,6.116z\"><\/path><\/svg><span class=\"wp-block-social-link-label screen-reader-text\">Instagram<\/span><\/a><\/li><\/ul>\n\n\n\n<hr class=\"wp-block-separator has-text-color has-neve-link-color-color has-alpha-channel-opacity has-neve-link-color-background-color has-background\"\/>\n\n\n\n<h3 class=\"has-nv-c-2-color has-text-color wp-block-heading\"><strong>Bibliographie :<\/strong><\/h3>\n\n\n\n<h4 class=\"has-nv-c-1-color has-text-color wp-block-heading\"><strong>Chez Phylact\u00e8res :<\/strong><\/h4>\n\n\n\n<p><strong>BD :<\/strong><br><a href=\"http:\/\/nonsi.ouaisweb.com\/index.php?post\/2010\/06\/02\/T%C3%A9l%C3%A9-quand-tu-nous-tiens-%21\"><em>T\u00e9l\u00e9 quand tu nous tiens !<\/em><\/a>&nbsp;(sc\u00e9nario : Viken &#8211;&nbsp;<a href=\"http:\/\/nonsi.ouaisweb.com\/index.php?pages\/NONSi%21-n%C2%B01\"><em>NON?Si!<\/em>&nbsp;n\u00b01<\/a>)<br><em>H\u00e9ro\u00efne<\/em>&nbsp;&#8211; \u00e9pisode 1 (sc\u00e9nario : Viken &#8211;&nbsp;<a href=\"http:\/\/nonsi.ouaisweb.com\/index.php?pages\/NONSi%21-n%C2%B02\"><em>NON?Si! n\u00b02<\/em><\/a>)<br><a href=\"http:\/\/nonsi.ouaisweb.com\/index.php?post\/2010\/06\/10\/Miss-Frigide\"><em>Miss Frigide<\/em>&nbsp;<\/a>(sc\u00e9nario : Viken &#8211;&nbsp;<a href=\"http:\/\/nonsi.ouaisweb.com\/index.php?pages\/NONSi%21-n%C2%B03\"><em>NON?Si!<\/em>&nbsp;n\u00b03<\/a>)<br><em>H\u00e9ro\u00efne<\/em>&nbsp;&#8211; \u00e9pisode&nbsp;2 (sc\u00e9nario : Viken &#8211;&nbsp;<a href=\"http:\/\/nonsi.ouaisweb.com\/index.php?pages\/NONSi%21-n%C2%B05\"><em>NON?Si!<\/em>&nbsp;n\u00b05<\/a>)<br><a href=\"http:\/\/vhb.ouaisweb.com\/index.php?pages\/As-Usual\"><em>VHB n\u00b01 &#8211; As Usual<\/em><\/a>,&nbsp;<em>Interlude 1<\/em>&nbsp;(sc\u00e9nario :&nbsp;<a href=\"http:\/\/www.ouaisweb.com\/auteurs\/index.php?pages\/Florent-Baudry\">Lokorst<\/a>)<br><a href=\"http:\/\/vhb.ouaisweb.com\/index.php?pages\/Monsters\"><em>VHB n\u00b02 \u2013 Monsters<\/em><\/a>,&nbsp;<em>Zulfukar&nbsp;<\/em>(sc\u00e9nario :&nbsp;<a href=\"http:\/\/www.ouaisweb.com\/auteurs\/index.php?pages\/Florent-Baudry\">Lokorst<\/a>, couleur : Rom_1_)<br><em>Zap !<\/em>&nbsp;(dessin des cases&nbsp;X et&nbsp;X &#8211; sc\u00e9nario de&nbsp;<a href=\"http:\/\/www.ouaisweb.com\/auteurs\/index.php?pages\/Florent-Baudry\">Lokorst&nbsp;<\/a>&#8211;&nbsp;<a href=\"http:\/\/nonsi.ouaisweb.com\/index.php?pages\/NONSi%21-n%C2%B06NON?Si%21%20n%C2%B06\"><em>NON?Si!<\/em>&nbsp;n\u00b06<\/a>)<br><em>Vers Intime<\/em>&nbsp;&#8211; partie&nbsp;1&nbsp;&amp; 2&nbsp;(dialogues : Viken &#8211;&nbsp;<a href=\"http:\/\/nonsi.ouaisweb.com\/index.php?pages\/NONSi%21-n%C2%B07\"><em>NON?Si!<\/em>&nbsp;n\u00b07<\/a>)<br><em>Le Correctionneur &#8211; La liste<\/em>&nbsp;(co-sc\u00e9nariste :&nbsp;<a href=\"http:\/\/www.ouaisweb.com\/auteurs\/index.php?pages\/Nicolas-Jambois\">Fonichon<\/a>, texte : Asid, couleur : ZigEnfruke &#8211;&nbsp;<a href=\"http:\/\/spermag.ouaisweb.com\/index.php?pages\/Spermag-n%C2%B01\"><em>Spermag<\/em>&nbsp;n\u00b01<\/a>)<br><em>La petite laverie des horreurs<\/em>&nbsp;(<a href=\"http:\/\/nonsi.ouaisweb.com\/index.php?pages\/NONSi%21-n%C2%B09\"><em>NON?Si!<\/em>&nbsp;n\u00b09<\/a>)<br><em>L&rsquo;attente du lundi<\/em>&nbsp;(<a href=\"http:\/\/nonsi.ouaisweb.com\/index.php?pages\/NONSi%21-n%C2%B09\"><em>NON?Si!<\/em>&nbsp;n\u00b09<\/a>)<\/p>\n\n\n\n<p><strong>Illustration:<br><\/strong>Couverture de&nbsp;<a href=\"http:\/\/nonsi.ouaisweb.com\/index.php?pages\/NONSi%21-n%C2%B05\"><em>NON?Si!<\/em>&nbsp;n\u00b05<\/a><br><em>H\u00e9ro\u00efne<\/em>&nbsp;&#8211;&nbsp;<a href=\"http:\/\/nonsi.ouaisweb.com\/index.php?pages\/NONSi%21-n%C2%B06\"><em>NON?Si!<\/em>&nbsp;n\u00b06<\/a><\/p>\n\n\n\n<p><strong>Colorisation&nbsp;:<\/strong><br>Quatri\u00e8me de couverture de&nbsp;<a href=\"http:\/\/vhb.ouaisweb.com\/index.php?pages\/Monsters\"><em>V.H.B. &#8211; Monsters<\/em><\/a><br><a href=\"http:\/\/vhb.ouaisweb.com\/index.php?post\/2007\/08\/23\/127-quelque-chose-a-vous-reprocher\"><em>Quelque chose \u00e0 vous reprocher<\/em><\/a>&nbsp;(texte :&nbsp;<a href=\"http:\/\/www.ouaisweb.com\/auteurs\/index.php?pages\/Florent-Baudry\">Lokorst<\/a>, dessin : Nicolas Tacconi &#8211; Interlude V.H.B.)<\/p>\n\n\n\n<h4 class=\"has-nv-c-1-color has-text-color wp-block-heading\"><br>Mais aussi :<\/h4>\n\n\n\n<p>Apprenti dessinateur sur le site Hmmmm-online.com<br>Cahier de coloriage sur le th\u00e8me de la\u00a0premi\u00e8re guerre mondiale<br>Cr\u00e9ation de tatouages avec la collaboration de Dermagraf &lsquo;X<br>Illustrateur chez Elena \u00e9ditions<\/p>\n<\/div>\n<\/div>\n\n\n\n<div style=\"height:0px\" aria-hidden=\"true\" class=\"wp-block-spacer\"><\/div>\n<\/div><\/div>\n\n\n\n<h3 class=\"has-nv-c-2-color has-text-color wp-block-heading\">Images de Jim&rsquo;Ha\u00ef : <\/h3>\n","protected":false},"excerpt":{"rendered":"<p>Images de Jim&rsquo;Ha\u00ef :<\/p>\n","protected":false},"author":1,"featured_media":0,"parent":9,"menu_order":0,"comment_status":"closed","ping_status":"closed","template":"","meta":{"neve_meta_sidebar":"","neve_meta_container":"","neve_meta_enable_content_width":"on","neve_meta_content_width":70,"neve_meta_title_alignment":"","neve_meta_author_avatar":"","neve_post_elements_order":"","neve_meta_disable_header":"","neve_meta_disable_footer":"","neve_meta_disable_title":"","_themeisle_gutenberg_block_has_review":false,"footnotes":""},"class_list":["post-462","page","type-page","status-publish","hentry"],"jetpack_sharing_enabled":true,"_links":{"self":[{"href":"https:\/\/phylacteres-bd.fr\/index.php\/wp-json\/wp\/v2\/pages\/462","targetHints":{"allow":["GET"]}}],"collection":[{"href":"https:\/\/phylacteres-bd.fr\/index.php\/wp-json\/wp\/v2\/pages"}],"about":[{"href":"https:\/\/phylacteres-bd.fr\/index.php\/wp-json\/wp\/v2\/types\/page"}],"author":[{"embeddable":true,"href":"https:\/\/phylacteres-bd.fr\/index.php\/wp-json\/wp\/v2\/users\/1"}],"replies":[{"embeddable":true,"href":"https:\/\/phylacteres-bd.fr\/index.php\/wp-json\/wp\/v2\/comments?post=462"}],"version-history":[{"count":4,"href":"https:\/\/phylacteres-bd.fr\/index.php\/wp-json\/wp\/v2\/pages\/462\/revisions"}],"predecessor-version":[{"id":776,"href":"https:\/\/phylacteres-bd.fr\/index.php\/wp-json\/wp\/v2\/pages\/462\/revisions\/776"}],"up":[{"embeddable":true,"href":"https:\/\/phylacteres-bd.fr\/index.php\/wp-json\/wp\/v2\/pages\/9"}],"wp:attachment":[{"href":"https:\/\/phylacteres-bd.fr\/index.php\/wp-json\/wp\/v2\/media?parent=462"}],"curies":[{"name":"wp","href":"https:\/\/api.w.org\/{rel}","templated":true}]}}