{"id":464,"date":"2022-12-31T10:05:54","date_gmt":"2022-12-31T09:05:54","guid":{"rendered":"http:\/\/phylacteres-bd.fr\/?page_id=464"},"modified":"2023-01-02T09:31:16","modified_gmt":"2023-01-02T08:31:16","slug":"michel-salvino","status":"publish","type":"page","link":"https:\/\/phylacteres-bd.fr\/index.php\/portofolio\/michel-salvino\/","title":{"rendered":"Michel Salvino"},"content":{"rendered":"\n<div class=\"wp-block-cover alignfull\" style=\"min-height:361px;aspect-ratio:unset;\"><span aria-hidden=\"true\" class=\"wp-block-cover__background has-background-dim-0 has-background-dim\"><\/span><img data-recalc-dims=\"1\" loading=\"lazy\" decoding=\"async\" width=\"1200\" height=\"487\" class=\"wp-block-cover__image-background wp-image-126\" alt=\"\" src=\"https:\/\/i0.wp.com\/phylacteres-bd.fr\/wp-content\/uploads\/2022\/12\/ban-phylacteres-1.jpg?resize=1200%2C487\" data-object-fit=\"cover\" srcset=\"https:\/\/i0.wp.com\/phylacteres-bd.fr\/wp-content\/uploads\/2022\/12\/ban-phylacteres-1.jpg?w=2000&amp;ssl=1 2000w, https:\/\/i0.wp.com\/phylacteres-bd.fr\/wp-content\/uploads\/2022\/12\/ban-phylacteres-1.jpg?resize=300%2C122&amp;ssl=1 300w, https:\/\/i0.wp.com\/phylacteres-bd.fr\/wp-content\/uploads\/2022\/12\/ban-phylacteres-1.jpg?resize=1024%2C415&amp;ssl=1 1024w, https:\/\/i0.wp.com\/phylacteres-bd.fr\/wp-content\/uploads\/2022\/12\/ban-phylacteres-1.jpg?resize=768%2C311&amp;ssl=1 768w, https:\/\/i0.wp.com\/phylacteres-bd.fr\/wp-content\/uploads\/2022\/12\/ban-phylacteres-1.jpg?resize=1536%2C623&amp;ssl=1 1536w\" sizes=\"auto, (max-width: 1200px) 100vw, 1200px\" \/><div class=\"wp-block-cover__inner-container is-layout-flow wp-block-cover-is-layout-flow\">\n<p><\/p>\n<\/div><\/div>\n\n\n\n<div class=\"wp-block-cover alignwide\"><span aria-hidden=\"true\" class=\"wp-block-cover__background has-nv-site-bg-background-color has-background-dim-100 has-background-dim\"><\/span><div class=\"wp-block-cover__inner-container is-layout-flow wp-block-cover-is-layout-flow\">\n<div style=\"height:50px\" aria-hidden=\"true\" class=\"wp-block-spacer\"><\/div>\n\n\n\n<p class=\"has-text-align-center has-neve-text-color-color has-text-color has-large-font-size\"><strong>Michel Salvino<\/strong><\/p>\n\n\n\n<hr class=\"wp-block-separator has-alpha-channel-opacity\"\/>\n\n\n\n<div class=\"wp-block-columns has-neve-text-color-color has-text-color is-layout-flex wp-container-core-columns-is-layout-9d6595d7 wp-block-columns-is-layout-flex\">\n<div class=\"wp-block-column has-neve-text-color-color has-text-color is-layout-flow wp-block-column-is-layout-flow\" style=\"flex-basis:66.66%\">\n<p class=\"has-nv-c-2-color has-text-color\"><strong>(Dessinateur &#8211; sc\u00e9nariste)<\/strong><\/p>\n\n\n\n<ul class=\"wp-block-list\">\n<li><strong>Phylact\u00e8res :<\/strong> Membre depuis 2008<\/li>\n\n\n\n<li>R\u00e9dacteur en chef de\u00a0<a href=\"http:\/\/nonsi.ouaisweb.com\/index.php?pages\/NONSi%21-n%C2%B09\"><em>NON?Si!\u00a0<\/em>n\u00b09<\/a><\/li>\n\n\n\n<li>Auteur\u00a0r\u00e9gulier dans\u00a0<a href=\"http:\/\/nonsi.ouaisweb.com\/\"><strong><em>NON?Si!<\/em><\/strong><\/a>\u00a0et\u00a0<a href=\"http:\/\/vhb.ouaisweb.com\/index.php?\"><strong><em>V.H.B.<\/em><\/strong><\/a><\/li>\n<\/ul>\n<\/div>\n\n\n\n<div class=\"wp-block-column is-layout-flow wp-block-column-is-layout-flow\" style=\"flex-basis:33.33%\">\n<figure class=\"wp-block-image size-full animated fadeInRight ticss-daaffaba\"><img data-recalc-dims=\"1\" loading=\"lazy\" decoding=\"async\" width=\"500\" height=\"500\" src=\"https:\/\/i0.wp.com\/phylacteres-bd.fr\/wp-content\/uploads\/2022\/12\/membres-michel.jpg?resize=500%2C500\" alt=\"\" class=\"wp-image-532\" srcset=\"https:\/\/i0.wp.com\/phylacteres-bd.fr\/wp-content\/uploads\/2022\/12\/membres-michel.jpg?w=500&amp;ssl=1 500w, https:\/\/i0.wp.com\/phylacteres-bd.fr\/wp-content\/uploads\/2022\/12\/membres-michel.jpg?resize=300%2C300&amp;ssl=1 300w, https:\/\/i0.wp.com\/phylacteres-bd.fr\/wp-content\/uploads\/2022\/12\/membres-michel.jpg?resize=150%2C150&amp;ssl=1 150w\" sizes=\"auto, (max-width: 500px) 100vw, 500px\" \/><\/figure>\n<\/div>\n<\/div>\n\n\n\n<div class=\"wp-block-columns has-neve-text-color-color has-text-color is-layout-flex wp-container-core-columns-is-layout-9d6595d7 wp-block-columns-is-layout-flex\">\n<div class=\"wp-block-column is-layout-flow wp-block-column-is-layout-flow\">\n<p>C&rsquo;est dans un petit village de Moselle (Ici, point de folklore \u00e0 base de b\u0153uf ou d\u2019\u00e2ne aux exhalaisons bienfaitrices, mais un dur monde de briques, de ciment et de c\u00e9ramique d\u00e9cid\u00e9ment peu r\u00e9ceptif \u00e0 toute sensibilit\u00e9 artistique) que naquit Michel SALVINO.<\/p>\n\n\n\n<p>D\u00e9cidant tr\u00e8s t\u00f4t que le manche de pelle ou de truelle ne si\u00e9rait pas au mieux \u00e0 la morphologie de sa main, Le petit Michel leur pr\u00e9f\u00e9ra la mine et la gomme. Nourri au Mickey Parade, Strange, Nova, et autres comics estampill\u00e9s DC, il n\u2019en d\u00e9nigra pas moins la BD europ\u00e9enne dite classique, et c\u2019est avec bonheur qu\u2019il lisait et relisait avec des yeux avides sa collection compl\u00e8te d\u2019albums de Tintin, et r\u00eavait \u00e0 des lendemains chanteurs. Fortune et Gloire&#8230;<\/p>\n\n\n\n<p>A un \u00e2ge o\u00f9 la gente f\u00e9minine lui pr\u00e9f\u00e9rait un type de m\u00e2le bien moins vers\u00e9 dans l\u2019art subtil du dessin, ses talents furent pour la premi\u00e8re fois mis \u00e0 contribution pour r\u00e9aliser une bande dessin\u00e9e pour \u00ab&nbsp;la Geste&nbsp;\u00bb, un recueil de nouvelles fantastiques et de science-fiction. Il d\u00fbt n\u00e9anmoins pendant plusieurs ann\u00e9es couvrir la petite flamme cr\u00e9atrice qui l\u2019habitait pour se consacrer \u00e0 ses \u00e9tudes, \u00e0 sa femme, et \u00e0 ses trois magnifiques filles, tout cela dans le d\u00e9sordre, bien entendu. Et c\u2019est par un matin calme de 2007, alors qu\u2019il \u00e9tait devenu un membre \u00e9minent du corps enseignant, que ses d\u00e9mons le reprirent. Il participa au concours \u00ab&nbsp;Les rencontres improbables&nbsp;\u00bb organis\u00e9 par les Phylact\u00e8res, et le remporta.<\/p>\n\n\n\n<p>La suite vous la connaissez&#8230;Fortune et Gloire ????<\/p>\n\n\n\n<hr class=\"wp-block-separator has-text-color has-neve-link-color-color has-alpha-channel-opacity has-neve-link-color-background-color has-background\"\/>\n\n\n\n<h3 class=\"has-nv-c-2-color has-text-color wp-block-heading\"><strong>Bibliographie :<\/strong><\/h3>\n\n\n\n<h4 class=\"has-nv-c-1-color has-text-color wp-block-heading\"><strong>Chez Phylact\u00e8res :<\/strong><\/h4>\n\n\n\n<p><strong>BD <\/strong><br><em>Rencontre Improbable<\/em>\u00a0(<em>Les Rencontres Improbables<\/em>)<br><em>Le Thaumatrope<\/em>\u00a0(<a href=\"http:\/\/nonsi.ouaisweb.com\/index.php?pages\/NONSi%21-n%C2%B07\"><em>NON?Si!<\/em>\u00a0n\u00b07<\/a>)<em><br><\/em><a href=\"http:\/\/nonsi.ouaisweb.com\/index.php?post\/2010\/06\/03\/De-l-autre-c%C3%B4t%C3%A9\"><em>De l&rsquo;autre c\u00f4t\u00e9<\/em>\u00a0<\/a>(sc\u00e9nario : Za\u00eftchick,\u00a0<a href=\"http:\/\/nonsi.ouaisweb.com\/index.php?pages\/NONSi%21-n%C2%B08\"><em>NON?Si!<\/em>\u00a0n\u00b08<\/a>)<em><br>The last train<\/em>\u00a0(<a href=\"http:\/\/nonsi.ouaisweb.com\/index.php?pages\/NONSi%21-n%C2%B09\"><em>NON?Si!<\/em>\u00a0n\u00b09<\/a>)<br><em>La Salamandre<\/em>\u00a0(sc\u00e9nario : Za\u00eftchick,\u00a0<a href=\"http:\/\/nonsi.ouaisweb.com\/index.php?pages\/NONSi%21-n%C2%B012\"><em>NON?Si!<\/em>\u00a0n\u00b012<\/a>)<br><a href=\"http:\/\/vhb.ouaisweb.com\/index.php?pages\/Still-Human\"><em>VHB n\u00b03 &#8211; Still Human<\/em><\/a>,\u00a0<em>Jour J + 39<\/em>\u00a0(sc\u00e9nario :\u00a0<a href=\"http:\/\/www.ouaisweb.com\/auteurs\/index.php?pages\/Florent-Baudry\">Lokorst\u00a0<\/a>&#8211; dessin 2\u00e8me partie :\u00a0<a href=\"http:\/\/www.ouaisweb.com\/auteurs\/index.php?pages\/Mathieu-Delaruelle\">Asid<\/a>, couleur : MrChevreuil)<br><a href=\"http:\/\/vhb.ouaisweb.com\/index.php?pages\/Missions-%3A-the-calm-before\"><em>VHB n\u00b04 \u2013 Missions : The calm before\u2026<\/em><\/a>, chap. 4 (sc\u00e9nario :\u00a0<a href=\"http:\/\/www.ouaisweb.com\/auteurs\/index.php?pages\/Florent-Baudry\">Lokorst<\/a>)<\/p>\n\n\n\n<p><strong>Illustration<\/strong><br>Couverture de&nbsp;<a href=\"http:\/\/nonsi.ouaisweb.com\/index.php?pages\/NONSi%21-n%C2%B09\"><em>NON?Si!<\/em>&nbsp;n\u00b09<\/a><br>2<sup>\u00e8me<\/sup>&nbsp;de couverture de&nbsp;<a href=\"http:\/\/vhb.ouaisweb.com\/index.php?pages\/Still-Human\"><em>V.H.B.<\/em>&nbsp;n\u00b03<\/a><br><em><a href=\"http:\/\/vhb.ouaisweb.com\/index.php?post\/2011\/09\/30\/Parce-que-j-ai-ce-don\">Parce que j&rsquo;ai ce don<\/a><\/em>&nbsp;(texte :&nbsp;<a href=\"http:\/\/www.ouaisweb.com\/auteurs\/auteurs\/index.php?pages\/Florent-Baudry\">Lokorst&nbsp;<\/a>&#8211; Interlude V.H.B.)<br><em><a href=\"http:\/\/ouaisweb.com\/boutiqueBD\/goodies\/42-carte-postale-chromes-unit.html\">Chromes Unit<\/a><\/em>&nbsp;(carte postale V.H.B.)<br><em><a href=\"http:\/\/ouaisweb.com\/boutiqueBD\/goodies\/37-still-human.html\">Still Human<\/a><\/em>&nbsp;(carte postale V.H.B.)<\/p>\n<\/div>\n<\/div>\n\n\n\n<div style=\"height:0px\" aria-hidden=\"true\" class=\"wp-block-spacer\"><\/div>\n<\/div><\/div>\n\n\n\n<h3 class=\"has-nv-c-2-color has-text-color wp-block-heading\">Images de Michel : <\/h3>\n","protected":false},"excerpt":{"rendered":"<p>Images de Michel :<\/p>\n","protected":false},"author":1,"featured_media":0,"parent":9,"menu_order":0,"comment_status":"closed","ping_status":"closed","template":"","meta":{"neve_meta_sidebar":"","neve_meta_container":"","neve_meta_enable_content_width":"on","neve_meta_content_width":70,"neve_meta_title_alignment":"","neve_meta_author_avatar":"","neve_post_elements_order":"","neve_meta_disable_header":"","neve_meta_disable_footer":"","neve_meta_disable_title":"","_themeisle_gutenberg_block_has_review":false,"footnotes":""},"class_list":["post-464","page","type-page","status-publish","hentry"],"jetpack_sharing_enabled":true,"_links":{"self":[{"href":"https:\/\/phylacteres-bd.fr\/index.php\/wp-json\/wp\/v2\/pages\/464","targetHints":{"allow":["GET"]}}],"collection":[{"href":"https:\/\/phylacteres-bd.fr\/index.php\/wp-json\/wp\/v2\/pages"}],"about":[{"href":"https:\/\/phylacteres-bd.fr\/index.php\/wp-json\/wp\/v2\/types\/page"}],"author":[{"embeddable":true,"href":"https:\/\/phylacteres-bd.fr\/index.php\/wp-json\/wp\/v2\/users\/1"}],"replies":[{"embeddable":true,"href":"https:\/\/phylacteres-bd.fr\/index.php\/wp-json\/wp\/v2\/comments?post=464"}],"version-history":[{"count":5,"href":"https:\/\/phylacteres-bd.fr\/index.php\/wp-json\/wp\/v2\/pages\/464\/revisions"}],"predecessor-version":[{"id":768,"href":"https:\/\/phylacteres-bd.fr\/index.php\/wp-json\/wp\/v2\/pages\/464\/revisions\/768"}],"up":[{"embeddable":true,"href":"https:\/\/phylacteres-bd.fr\/index.php\/wp-json\/wp\/v2\/pages\/9"}],"wp:attachment":[{"href":"https:\/\/phylacteres-bd.fr\/index.php\/wp-json\/wp\/v2\/media?parent=464"}],"curies":[{"name":"wp","href":"https:\/\/api.w.org\/{rel}","templated":true}]}}