{"id":781,"date":"2023-01-02T10:01:33","date_gmt":"2023-01-02T09:01:33","guid":{"rendered":"http:\/\/phylacteres-bd.fr\/?page_id=781"},"modified":"2023-01-02T10:05:24","modified_gmt":"2023-01-02T09:05:24","slug":"nicolas-thonney-solynk","status":"publish","type":"page","link":"https:\/\/phylacteres-bd.fr\/index.php\/portofolio\/nicolas-thonney-solynk\/","title":{"rendered":"Nicolas Thonney (Solynk)"},"content":{"rendered":"\n<div class=\"wp-block-cover alignwide\"><span aria-hidden=\"true\" class=\"wp-block-cover__background has-nv-site-bg-background-color has-background-dim-100 has-background-dim\"><\/span><div class=\"wp-block-cover__inner-container is-layout-flow wp-block-cover-is-layout-flow\">\n<div style=\"height:50px\" aria-hidden=\"true\" class=\"wp-block-spacer\"><\/div>\n\n\n\n<p class=\"has-text-align-center has-neve-text-color-color has-text-color has-large-font-size\"><strong>Nicolas THONNEY alias SOLYNK<\/strong><\/p>\n\n\n\n<hr class=\"wp-block-separator has-alpha-channel-opacity\"\/>\n\n\n\n<div class=\"wp-block-columns has-neve-text-color-color has-text-color is-layout-flex wp-container-core-columns-is-layout-9d6595d7 wp-block-columns-is-layout-flex\">\n<div class=\"wp-block-column has-neve-text-color-color has-text-color is-layout-flow wp-block-column-is-layout-flow\" style=\"flex-basis:66.66%\">\n<p class=\"has-nv-c-2-color has-text-color\"><strong>(Dessinateur &#8211; coloriste &#8211; maquettiste)<\/strong><\/p>\n\n\n\n<ul class=\"wp-block-list\">\n<li>Membre de Phylact\u00e8res de 2009 \u00e0 2013<\/li>\n\n\n\n<li>R\u00e9sident en Moselle (57)<\/li>\n<\/ul>\n<\/div>\n\n\n\n<div class=\"wp-block-column is-layout-flow wp-block-column-is-layout-flow\" style=\"flex-basis:33.33%\">\n<figure class=\"wp-block-image size-full animated fadeInRight ticss-daaffaba\"><img data-recalc-dims=\"1\" loading=\"lazy\" decoding=\"async\" width=\"500\" height=\"500\" src=\"https:\/\/i0.wp.com\/phylacteres-bd.fr\/wp-content\/uploads\/2022\/12\/membres-solynk.jpg?resize=500%2C500\" alt=\"Solynk\" class=\"wp-image-536\" srcset=\"https:\/\/i0.wp.com\/phylacteres-bd.fr\/wp-content\/uploads\/2022\/12\/membres-solynk.jpg?w=500&amp;ssl=1 500w, https:\/\/i0.wp.com\/phylacteres-bd.fr\/wp-content\/uploads\/2022\/12\/membres-solynk.jpg?resize=300%2C300&amp;ssl=1 300w, https:\/\/i0.wp.com\/phylacteres-bd.fr\/wp-content\/uploads\/2022\/12\/membres-solynk.jpg?resize=150%2C150&amp;ssl=1 150w\" sizes=\"auto, (max-width: 500px) 100vw, 500px\" \/><\/figure>\n<\/div>\n<\/div>\n\n\n\n<div class=\"wp-block-columns has-neve-text-color-color has-text-color is-layout-flex wp-container-core-columns-is-layout-9d6595d7 wp-block-columns-is-layout-flex\">\n<div class=\"wp-block-column is-layout-flow wp-block-column-is-layout-flow\">\n<p>Coloriste, webdesigner de m\u00e9tier,&nbsp;<strong>Nicolas THONNEY<\/strong>, alias&nbsp;<strong>SOLYNK<\/strong>, fut form\u00e9 aux techniques traditionnelles \u00e0 l\u2019Ecole de l\u2019Image d\u2019Epinal et aux Beaux-arts de Metz, la d\u00e9couverte des outils de cr\u00e9ation num\u00e9rique \u00e0 la fin des ann\u00e9es 1990 fut une r\u00e9v\u00e9lation pour Solynk. Se formant de mani\u00e8re autodidacte, il \u00e9change petit \u00e0 petit les pinceaux contre la tablette graphique. Sa rencontre avec l\u2019Association Phylact\u00e8res l\u2019am\u00e8ne \u00e0 se sp\u00e9cialiser dans la colorisation num\u00e9rique, mettant ainsi son savoir-faire au service des auteurs\/dessinateurs de Phylact\u00e8res et \u00e0 la BD&nbsp;<em>les aventures de Bertrand Keufterian<\/em>.<\/p>\n\n\n\n<p>C&rsquo;est aux beaux-arts de Metz que Guigui a rencontr\u00e9 Solynk.&nbsp;<em>B.K.&nbsp;<\/em>ne fut pas leur premi\u00e8re collaboration. En effet en 2007 et 2008 ils ont r\u00e9alis\u00e9 ensemble plusieurs planches pour des num\u00e9ros de&nbsp;<em>V.H.B. <\/em>avec Guigui au dessin et Solynk \u00e0 la couleur (et quelle couleur). Et enfin en 2009, toujours avec la m\u00eame configuration, ils ont eu le bon go\u00fbt de&nbsp;cr\u00e9er les&nbsp;<a href=\"http:\/\/www.petits-animaux-a-gode-ceinture.com\/\">petits animaux \u00e0 gode-ceinture<\/a>&nbsp;(h\u00e9 oui).<\/p>\n\n\n\n<ul class=\"wp-block-social-links is-layout-flex wp-block-social-links-is-layout-flex\"><li class=\"wp-social-link wp-social-link-facebook  wp-block-social-link\"><a href=\"https:\/\/www.facebook.com\/nicolas.thonney\" class=\"wp-block-social-link-anchor\"><svg width=\"24\" height=\"24\" viewBox=\"0 0 24 24\" version=\"1.1\" xmlns=\"http:\/\/www.w3.org\/2000\/svg\" aria-hidden=\"true\" focusable=\"false\"><path d=\"M12 2C6.5 2 2 6.5 2 12c0 5 3.7 9.1 8.4 9.9v-7H7.9V12h2.5V9.8c0-2.5 1.5-3.9 3.8-3.9 1.1 0 2.2.2 2.2.2v2.5h-1.3c-1.2 0-1.6.8-1.6 1.6V12h2.8l-.4 2.9h-2.3v7C18.3 21.1 22 17 22 12c0-5.5-4.5-10-10-10z\"><\/path><\/svg><span class=\"wp-block-social-link-label screen-reader-text\">Facebook<\/span><\/a><\/li><\/ul>\n\n\n\n<hr class=\"wp-block-separator has-text-color has-neve-link-color-color has-alpha-channel-opacity has-neve-link-color-background-color has-background\"\/>\n\n\n\n<h3 class=\"has-nv-c-2-color has-text-color wp-block-heading\"><strong>Bibliographie :<\/strong><\/h3>\n\n\n\n<h4 class=\"has-nv-c-1-color has-text-color wp-block-heading\"><strong>Chez Phylact\u00e8res :<\/strong><\/h4>\n\n\n\n<p class=\"has-neve-text-color-color has-text-color\"><strong>BD :<\/strong><br><a href=\"http:\/\/vhb.ouaisweb.com\/index.php?pages\/Monsters\"><em>VHB n\u00b02 \u2013 Monsters<\/em><\/a><em>, Christensen 1\/4<\/em>&nbsp;(sc\u00e9nario :&nbsp;<a href=\"http:\/\/www.ouaisweb.com\/auteurs\/index.php?pages\/Florent-Baudry\">Lokorst<\/a>, couleur : Solynk)<br><em><a href=\"http:\/\/vhb.ouaisweb.com\/index.php?pages\/Monsters\"><em>VHB n\u00b02 \u2013 Monsters<\/em><\/a>,&nbsp;Christensen 4\/4<\/em>, page 1 (sc\u00e9nario :&nbsp;<a href=\"http:\/\/www.ouaisweb.com\/auteurs\/index.php?pages\/Florent-Baudry\">Lokorst<\/a>, couleur : Solynk)<br><a href=\"http:\/\/vhb.ouaisweb.com\/index.php?pages\/Still-Human\"><em>VHB n\u00b03 &#8211; Still Human<\/em><\/a>,&nbsp;<em>Jour J + 6<\/em>, (sc\u00e9nario :&nbsp;<a href=\"http:\/\/www.ouaisweb.com\/auteurs\/index.php?pages\/Florent-Baudry\">Lokorst<\/a>, couleur : Solynk)<br><a href=\"http:\/\/vhb.ouaisweb.com\/index.php?post\/2008\/05\/15\/177-les-fugueurs\"><em>Les fugueurs<\/em><\/a>&nbsp;(avec Solynk, texte :&nbsp;<a href=\"http:\/\/www.ouaisweb.com\/auteurs\/index.php?pages\/Florent-Baudry\">Lokorst&nbsp;<\/a>&#8211; Interlude V.H.B.)<br><a href=\"http:\/\/bk.ouaisweb.com\/index.php?pages\/LE-CONCEPT\"><em>Bertrand Keufterian<\/em><\/a>&nbsp;(co-sc\u00e9naristes : Carlos Rodrigo &amp; Yoyo, couleurs : Solynk &amp;&nbsp;Ceel)<br><a href=\"http:\/\/bk.ouaisweb.com\/index.php?pages\/Zone-57-n%C2%B01\">Bertrand Keufterian :&nbsp;zone 57<\/a>&nbsp;(sc\u00e9nariste : Carlos Rodrigo, couleurs :&nbsp;Ceel)<br><a href=\"http:\/\/vhb.ouaisweb.com\/index.php?post\/2011\/06\/20\/Un-enfant-dans-mon-bureau\"><em>Un enfant dans mon bureau<\/em><\/a>&nbsp;(texte :&nbsp;<a href=\"http:\/\/www.ouaisweb.com\/auteurs\/index.php?pages\/Florent-Baudry\">Lokorst&nbsp;<\/a>&#8211; Interlude V.H.B.)<\/p>\n<\/div>\n<\/div>\n\n\n\n<div style=\"height:0px\" aria-hidden=\"true\" class=\"wp-block-spacer\"><\/div>\n<\/div><\/div>\n\n\n\n<h3 class=\"has-nv-c-2-color has-text-color wp-block-heading\">Image de Solynk<\/h3>\n\n\n<div class=\"wp-block-image\">\n<figure class=\"aligncenter size-full\"><img data-recalc-dims=\"1\" loading=\"lazy\" decoding=\"async\" width=\"500\" height=\"434\" src=\"https:\/\/i0.wp.com\/phylacteres-bd.fr\/wp-content\/uploads\/2023\/01\/Solynk-boxeur-HDmedium.jpg?resize=500%2C434\" alt=\"\" class=\"wp-image-782\" srcset=\"https:\/\/i0.wp.com\/phylacteres-bd.fr\/wp-content\/uploads\/2023\/01\/Solynk-boxeur-HDmedium.jpg?w=500&amp;ssl=1 500w, https:\/\/i0.wp.com\/phylacteres-bd.fr\/wp-content\/uploads\/2023\/01\/Solynk-boxeur-HDmedium.jpg?resize=300%2C260&amp;ssl=1 300w\" sizes=\"auto, (max-width: 500px) 100vw, 500px\" \/><\/figure>\n<\/div>\n\n\n<div style=\"height:100px\" aria-hidden=\"true\" class=\"wp-block-spacer\"><\/div>\n","protected":false},"excerpt":{"rendered":"<p>Image de Solynk<\/p>\n","protected":false},"author":1,"featured_media":0,"parent":9,"menu_order":0,"comment_status":"closed","ping_status":"closed","template":"","meta":{"neve_meta_sidebar":"","neve_meta_container":"","neve_meta_enable_content_width":"on","neve_meta_content_width":70,"neve_meta_title_alignment":"","neve_meta_author_avatar":"","neve_post_elements_order":"","neve_meta_disable_header":"","neve_meta_disable_footer":"","neve_meta_disable_title":"","_themeisle_gutenberg_block_has_review":false,"footnotes":""},"class_list":["post-781","page","type-page","status-publish","hentry"],"jetpack_sharing_enabled":true,"_links":{"self":[{"href":"https:\/\/phylacteres-bd.fr\/index.php\/wp-json\/wp\/v2\/pages\/781","targetHints":{"allow":["GET"]}}],"collection":[{"href":"https:\/\/phylacteres-bd.fr\/index.php\/wp-json\/wp\/v2\/pages"}],"about":[{"href":"https:\/\/phylacteres-bd.fr\/index.php\/wp-json\/wp\/v2\/types\/page"}],"author":[{"embeddable":true,"href":"https:\/\/phylacteres-bd.fr\/index.php\/wp-json\/wp\/v2\/users\/1"}],"replies":[{"embeddable":true,"href":"https:\/\/phylacteres-bd.fr\/index.php\/wp-json\/wp\/v2\/comments?post=781"}],"version-history":[{"count":4,"href":"https:\/\/phylacteres-bd.fr\/index.php\/wp-json\/wp\/v2\/pages\/781\/revisions"}],"predecessor-version":[{"id":788,"href":"https:\/\/phylacteres-bd.fr\/index.php\/wp-json\/wp\/v2\/pages\/781\/revisions\/788"}],"up":[{"embeddable":true,"href":"https:\/\/phylacteres-bd.fr\/index.php\/wp-json\/wp\/v2\/pages\/9"}],"wp:attachment":[{"href":"https:\/\/phylacteres-bd.fr\/index.php\/wp-json\/wp\/v2\/media?parent=781"}],"curies":[{"name":"wp","href":"https:\/\/api.w.org\/{rel}","templated":true}]}}