{"id":99,"date":"2022-12-28T17:39:29","date_gmt":"2022-12-28T16:39:29","guid":{"rendered":"http:\/\/phylacteres-bd.fr\/?page_id=99"},"modified":"2023-01-16T09:23:30","modified_gmt":"2023-01-16T08:23:30","slug":"des-bd-a-lire-par-ici","status":"publish","type":"page","link":"https:\/\/phylacteres-bd.fr\/index.php\/a-propos\/des-bd-a-lire-par-ici\/","title":{"rendered":"Des BD \u00e0 lire par ici"},"content":{"rendered":"\n<div class=\"wp-block-cover alignfull\" style=\"min-height:361px;aspect-ratio:unset;\"><span aria-hidden=\"true\" class=\"wp-block-cover__background has-background-dim-0 has-background-dim\"><\/span><img data-recalc-dims=\"1\" loading=\"lazy\" decoding=\"async\" width=\"1200\" height=\"487\" class=\"wp-block-cover__image-background wp-image-126\" alt=\"\" src=\"https:\/\/i0.wp.com\/phylacteres-bd.fr\/wp-content\/uploads\/2022\/12\/ban-phylacteres-1.jpg?resize=1200%2C487\" data-object-fit=\"cover\" srcset=\"https:\/\/i0.wp.com\/phylacteres-bd.fr\/wp-content\/uploads\/2022\/12\/ban-phylacteres-1.jpg?w=2000&amp;ssl=1 2000w, https:\/\/i0.wp.com\/phylacteres-bd.fr\/wp-content\/uploads\/2022\/12\/ban-phylacteres-1.jpg?resize=300%2C122&amp;ssl=1 300w, https:\/\/i0.wp.com\/phylacteres-bd.fr\/wp-content\/uploads\/2022\/12\/ban-phylacteres-1.jpg?resize=1024%2C415&amp;ssl=1 1024w, https:\/\/i0.wp.com\/phylacteres-bd.fr\/wp-content\/uploads\/2022\/12\/ban-phylacteres-1.jpg?resize=768%2C311&amp;ssl=1 768w, https:\/\/i0.wp.com\/phylacteres-bd.fr\/wp-content\/uploads\/2022\/12\/ban-phylacteres-1.jpg?resize=1536%2C623&amp;ssl=1 1536w\" sizes=\"auto, (max-width: 1200px) 100vw, 1200px\" \/><div class=\"wp-block-cover__inner-container is-layout-flow wp-block-cover-is-layout-flow\">\n<p><\/p>\n<\/div><\/div>\n\n\n\n<div style=\"height:50px\" aria-hidden=\"true\" class=\"wp-block-spacer\"><\/div>\n\n\n\n<p class=\"has-text-align-center\">Dans le menu ci-dessus, vous pouvez s\u00e9lection des sous-menu avec divers BD \u00e0 lire gratuitement sur notre site. C&rsquo;est soit des histoires qui avaient vocation \u00e0 \u00eatre lues sur internet (comme nos coulisses ou les interludes V.H.B. par exemple), soit ce sont des extraits de certaines de nos publications. Bonne lecture !<\/p>\n\n\n\n<div style=\"height:40px\" aria-hidden=\"true\" class=\"wp-block-spacer\"><\/div>\n\n\n<div class=\"wp-block-image\">\n<figure class=\"aligncenter size-full\"><img data-recalc-dims=\"1\" loading=\"lazy\" decoding=\"async\" width=\"559\" height=\"1198\" src=\"https:\/\/i0.wp.com\/phylacteres-bd.fr\/wp-content\/uploads\/2023\/01\/desespoir_by-solynk.jpg?resize=559%2C1198\" alt=\"\" class=\"wp-image-960\" srcset=\"https:\/\/i0.wp.com\/phylacteres-bd.fr\/wp-content\/uploads\/2023\/01\/desespoir_by-solynk.jpg?w=559&amp;ssl=1 559w, https:\/\/i0.wp.com\/phylacteres-bd.fr\/wp-content\/uploads\/2023\/01\/desespoir_by-solynk.jpg?resize=140%2C300&amp;ssl=1 140w, https:\/\/i0.wp.com\/phylacteres-bd.fr\/wp-content\/uploads\/2023\/01\/desespoir_by-solynk.jpg?resize=478%2C1024&amp;ssl=1 478w\" sizes=\"auto, (max-width: 559px) 100vw, 559px\" \/><\/figure>\n<\/div>\n\n\n<div style=\"height:100px\" aria-hidden=\"true\" class=\"wp-block-spacer\"><\/div>\n\n\n\n<div class=\"wp-block-cover alignfull\" style=\"min-height:235px;aspect-ratio:unset;\"><span aria-hidden=\"true\" class=\"wp-block-cover__background has-nv-dark-bg-background-color has-background-dim-100 has-background-dim\"><\/span><div class=\"wp-block-cover__inner-container is-layout-flow wp-block-cover-is-layout-flow\">\n<p class=\"has-text-align-center has-large-font-size\"><\/p>\n<\/div><\/div>\n","protected":false},"excerpt":{"rendered":"<p>Dans le menu ci-dessus, vous pouvez s\u00e9lection des sous-menu avec divers BD \u00e0 lire gratuitement sur notre site. C&rsquo;est soit des histoires qui avaient vocation \u00e0 \u00eatre lues sur internet&hellip;&nbsp;<a href=\"https:\/\/phylacteres-bd.fr\/index.php\/a-propos\/des-bd-a-lire-par-ici\/\" rel=\"bookmark\">Lire la suite &raquo;<span class=\"screen-reader-text\">Des BD \u00e0 lire par ici<\/span><\/a><\/p>\n","protected":false},"author":1,"featured_media":0,"parent":7,"menu_order":0,"comment_status":"closed","ping_status":"closed","template":"","meta":{"neve_meta_sidebar":"","neve_meta_container":"","neve_meta_enable_content_width":"","neve_meta_content_width":0,"neve_meta_title_alignment":"","neve_meta_author_avatar":"","neve_post_elements_order":"","neve_meta_disable_header":"","neve_meta_disable_footer":"on","neve_meta_disable_title":"","_themeisle_gutenberg_block_has_review":false,"footnotes":""},"class_list":["post-99","page","type-page","status-publish","hentry"],"jetpack_sharing_enabled":true,"_links":{"self":[{"href":"https:\/\/phylacteres-bd.fr\/index.php\/wp-json\/wp\/v2\/pages\/99","targetHints":{"allow":["GET"]}}],"collection":[{"href":"https:\/\/phylacteres-bd.fr\/index.php\/wp-json\/wp\/v2\/pages"}],"about":[{"href":"https:\/\/phylacteres-bd.fr\/index.php\/wp-json\/wp\/v2\/types\/page"}],"author":[{"embeddable":true,"href":"https:\/\/phylacteres-bd.fr\/index.php\/wp-json\/wp\/v2\/users\/1"}],"replies":[{"embeddable":true,"href":"https:\/\/phylacteres-bd.fr\/index.php\/wp-json\/wp\/v2\/comments?post=99"}],"version-history":[{"count":7,"href":"https:\/\/phylacteres-bd.fr\/index.php\/wp-json\/wp\/v2\/pages\/99\/revisions"}],"predecessor-version":[{"id":1018,"href":"https:\/\/phylacteres-bd.fr\/index.php\/wp-json\/wp\/v2\/pages\/99\/revisions\/1018"}],"up":[{"embeddable":true,"href":"https:\/\/phylacteres-bd.fr\/index.php\/wp-json\/wp\/v2\/pages\/7"}],"wp:attachment":[{"href":"https:\/\/phylacteres-bd.fr\/index.php\/wp-json\/wp\/v2\/media?parent=99"}],"curies":[{"name":"wp","href":"https:\/\/api.w.org\/{rel}","templated":true}]}}